{"id":114,"date":"2014-10-06T20:22:36","date_gmt":"2014-10-06T18:22:36","guid":{"rendered":"http:\/\/os-tinje.splet.arnes.si\/2012\/10\/26\/dobrodoli-v-olski-knjinici\/"},"modified":"2021-01-06T07:57:59","modified_gmt":"2021-01-06T06:57:59","slug":"dobrodoli-v-olski-knjinici","status":"publish","type":"page","link":"https:\/\/os-tinjenova.splet.arnes.si\/?page_id=114","title":{"rendered":"DOBRODO\u0160LI V \u0160OLSKI KNJI\u017dNICI &#8230;"},"content":{"rendered":"<p><span style=\"font-size: 10pt\"><span style=\"color: #000000\"><a href=\"http:\/\/os-tinjenova.splet.arnes.si\/files\/2021\/01\/unnamed-1.jpg\"><img loading=\"lazy\" decoding=\"async\" class=\"size-full wp-image-6038 aligncenter\" src=\"http:\/\/os-tinjenova.splet.arnes.si\/files\/2021\/01\/unnamed-1.jpg\" alt=\"\" width=\"300\" height=\"174\" \/><\/a><\/span><\/span><\/p>\n<p><span style=\"font-size: 10pt\"><span style=\"color: #000000\">\u0160olska knji\u017enica, ki jo vodi knji\u017eni\u010darka Andreja Toma\u017ei\u010d in v manj\u0161em dele\u017eu \u0161e u\u010diteljica Ur\u0161ka Smole, je s svojim gradivom in z dejavnostmi del vzgojno-izobra\u017eevalnega procesa na \u0161oli. Gradivo je uporabnikom dostopno brezpla\u010dno, izposodijo si ga lahko u\u010denci, u\u010ditelji in ostali zaposleni v za to dolo\u010denem \u010dasu. Ob vpisu prejmejo izkaznico, s katero si lahko brezpla\u010dno izposojajo knji\u017eni\u010dno gradivo. Izkaznica ni prenosljiva. \u010clanarine ni.<\/span><\/span><\/p>\n<p><span style=\"font-size: 10pt\"><span style=\"color: #000000\">V knji\u017enici se izvajajo tudi <strong><span style=\"color: #339966\">bibliopedago\u0161ke ure v okviru KIZ \u2013 knji\u017eni\u010dno informacijskih znanj.<\/span> <\/strong>Vsebine knji\u017eni\u010dno-informacijskih znanj so porazdeljene po triletnih sklopih, za vsak oddelek se letno na\u010drtujejo 4 ure. Bibliopedago\u0161ko delo poteka v dveh osnovnih oblikah: <strong><span style=\"color: #339966\">individualno<\/span><\/strong> (svetovanje ob izposoji) in <strong><span style=\"color: #339966\">skupinsko<\/span><\/strong> (pri organiziranem pouku). U\u010dne vsebine, ki jih izvaja knji\u017eni\u010darka z oddel\u010dnimi, nivojskimi ali kako druga\u010de organiziranimi skupinami, so usklajene z u\u010dnimi na\u010drti.<\/span><\/span><\/p>\n<p><span style=\"color: #000000\">\u00a0<\/span><\/p>\n<p style=\"text-align: center\"><img loading=\"lazy\" decoding=\"async\" class=\" size-full wp-image-111\" src=\"http:\/\/os-tinjenova.splet.arnes.si\/files\/2012\/10\/IMG_0126.jpg\" alt=\"IMG_0126\" width=\"492\" height=\"328\" srcset=\"https:\/\/os-tinjenova.splet.arnes.si\/files\/2012\/10\/IMG_0126.jpg 600w, https:\/\/os-tinjenova.splet.arnes.si\/files\/2012\/10\/IMG_0126-300x200.jpg 300w\" sizes=\"(max-width: 492px) 100vw, 492px\" \/><\/p>\n<p style=\"text-align: center\"><img loading=\"lazy\" decoding=\"async\" class=\" size-full wp-image-111\" src=\"http:\/\/os-tinjenova.splet.arnes.si\/files\/2012\/10\/IMG_0126.jpg\" alt=\"IMG_0126\" width=\"489\" height=\"326\" srcset=\"https:\/\/os-tinjenova.splet.arnes.si\/files\/2012\/10\/IMG_0126.jpg 600w, https:\/\/os-tinjenova.splet.arnes.si\/files\/2012\/10\/IMG_0126-300x200.jpg 300w\" sizes=\"(max-width: 489px) 100vw, 489px\" \/><\/p>\n<p style=\"text-align: center\"><img loading=\"lazy\" decoding=\"async\" class=\" size-full wp-image-112\" src=\"http:\/\/os-tinjenova.splet.arnes.si\/files\/2012\/10\/IMG_0129.jpg\" alt=\"IMG_0129\" width=\"486\" height=\"323\" srcset=\"https:\/\/os-tinjenova.splet.arnes.si\/files\/2012\/10\/IMG_0129.jpg 600w, https:\/\/os-tinjenova.splet.arnes.si\/files\/2012\/10\/IMG_0129-300x200.jpg 300w\" sizes=\"(max-width: 486px) 100vw, 486px\" \/><\/p>\n<p style=\"text-align: center\"><img loading=\"lazy\" decoding=\"async\" class=\" size-full wp-image-113\" src=\"http:\/\/os-tinjenova.splet.arnes.si\/files\/2012\/10\/IMG_0128.jpg\" alt=\"IMG_0128\" width=\"481\" height=\"320\" srcset=\"https:\/\/os-tinjenova.splet.arnes.si\/files\/2012\/10\/IMG_0128.jpg 600w, https:\/\/os-tinjenova.splet.arnes.si\/files\/2012\/10\/IMG_0128-300x200.jpg 300w\" sizes=\"(max-width: 481px) 100vw, 481px\" \/><\/p>\n","protected":false},"excerpt":{"rendered":"<p>\u0160olska knji\u017enica, ki jo vodi knji\u017eni\u010darka Andreja Toma\u017ei\u010d in v manj\u0161em dele\u017eu \u0161e u\u010diteljica Ur\u0161ka Smole, je s svojim gradivom in z dejavnostmi del vzgojno-izobra\u017eevalnega procesa na \u0161oli. Gradivo je uporabnikom dostopno brezpla\u010dno, izposodijo si ga lahko u\u010denci, u\u010ditelji in ostali zaposleni v za to dolo\u010denem \u010dasu. Ob vpisu prejmejo izkaznico, s katero si lahko [&hellip;]<\/p>\n","protected":false},"author":2887,"featured_media":111,"parent":0,"menu_order":3,"comment_status":"closed","ping_status":"open","template":"","meta":{"_et_pb_use_builder":"","_et_pb_old_content":"","_et_gb_content_width":"","ngg_post_thumbnail":0,"footnotes":""},"class_list":["post-114","page","type-page","status-publish","has-post-thumbnail","hentry"],"_links":{"self":[{"href":"https:\/\/os-tinjenova.splet.arnes.si\/index.php?rest_route=\/wp\/v2\/pages\/114","targetHints":{"allow":["GET"]}}],"collection":[{"href":"https:\/\/os-tinjenova.splet.arnes.si\/index.php?rest_route=\/wp\/v2\/pages"}],"about":[{"href":"https:\/\/os-tinjenova.splet.arnes.si\/index.php?rest_route=\/wp\/v2\/types\/page"}],"author":[{"embeddable":true,"href":"https:\/\/os-tinjenova.splet.arnes.si\/index.php?rest_route=\/wp\/v2\/users\/2887"}],"replies":[{"embeddable":true,"href":"https:\/\/os-tinjenova.splet.arnes.si\/index.php?rest_route=%2Fwp%2Fv2%2Fcomments&post=114"}],"version-history":[{"count":3,"href":"https:\/\/os-tinjenova.splet.arnes.si\/index.php?rest_route=\/wp\/v2\/pages\/114\/revisions"}],"predecessor-version":[{"id":6039,"href":"https:\/\/os-tinjenova.splet.arnes.si\/index.php?rest_route=\/wp\/v2\/pages\/114\/revisions\/6039"}],"wp:featuredmedia":[{"embeddable":true,"href":"https:\/\/os-tinjenova.splet.arnes.si\/index.php?rest_route=\/wp\/v2\/media\/111"}],"wp:attachment":[{"href":"https:\/\/os-tinjenova.splet.arnes.si\/index.php?rest_route=%2Fwp%2Fv2%2Fmedia&parent=114"}],"curies":[{"name":"wp","href":"https:\/\/api.w.org\/{rel}","templated":true}]}}