{"id":15,"date":"2014-10-01T18:40:29","date_gmt":"2014-10-01T16:40:29","guid":{"rendered":"http:\/\/os-tinje.splet.arnes.si\/2009\/03\/16\/organi-ole\/"},"modified":"2024-10-15T12:36:32","modified_gmt":"2024-10-15T10:36:32","slug":"organi-ole","status":"publish","type":"page","link":"https:\/\/os-tinjenova.splet.arnes.si\/?page_id=15","title":{"rendered":"Organi \u0161ole"},"content":{"rendered":"<h1 style=\"text-align: justify\"><span style=\"color: #000000\"><span style=\"font-size: 12pt\"><strong>ORGANI UPRAVLJANJA<\/strong><\/span><\/span><\/h1>\r\n<p><em><span style=\"font-size: 10pt\"><span style=\"color: #000000\"><strong>RAVNATELJICA<\/strong>: Alojzija Mu\u0161i\u010d<br><strong>SVET \u0160OLE<\/strong> \u2013 predsednica: Silva Kos<br><strong>SVET STAR\u0160EV<\/strong> \u2013<br><\/span><\/span><\/em><\/p>\r\n<h4 style=\"text-align: left\"><span style=\"color: #000000\"><span style=\"font-size: 12pt\"><strong>STROKOVNI ORGANI<\/strong><\/span><\/span><\/h4>\r\n<p><span style=\"color: #000000\"><span style=\"font-size: 10pt\"><em><strong>U\u010cITELJSKI ZBOR<\/strong> sestavljajo vsi strokovni delavci \u0161ole.<\/em><br><\/span><span style=\"font-size: 10pt\"><em><strong>ODDEL\u010cNI U\u010cITELJSKI ZBOR<\/strong> sestavljajo strokovni delavci, ki opravljajo vzgojno-izobra\u017eevalno delo v posameznem oddelku.<\/em><\/span><span style=\"font-size: 10pt\"><br><em><strong>RAZREDNIKI<\/strong> vodijo delo oddel\u010dnega u\u010diteljskega zbora, skrbijo za u\u010dno-vzgojno delo u\u010dencev in sodelujejo s star\u0161i ter \u0161olsko svetovalno slu\u017ebo. Opravljajo druge naloge v skladu z zakonom.<\/em><\/span><span style=\"font-size: 10pt\">&nbsp;<\/span><span style=\"font-size: 10pt\">&nbsp;<\/span><span style=\"font-size: 10pt\">&nbsp;<\/span><\/span><\/p>\r\n<ul>\r\n<li><em><span style=\"color: #000000\"><span style=\"font-size: 10pt\"><strong>AKTIV 1.&nbsp; VIO in 4. ter 5. razred<\/strong> \u2013 vodja: Silva Kos<\/span><span style=\"font-size: 10pt\"><br><\/span><\/span><\/em><\/li>\r\n<li style=\"text-align: left\"><em><span style=\"color: #000000\"><span style=\"font-size: 10pt\"><strong>AKTIV naravoslovja<\/strong> \u2013 vodja: Anita Cizerl<br><\/span><\/span><\/em><\/li>\r\n<li style=\"text-align: left\"><em><span style=\"color: #000000\"><span style=\"font-size: 10pt\"><strong>AKTIV dru\u017eboslovja, jezikoslovja, umetnosti<\/strong> \u2013 vodja: Dragica Kri\u017eaj<\/span><\/span><\/em><\/li>\r\n<li><span style=\"color: #000000\"><em><strong>AKTIV OPB<\/strong> \u2013 vodja Ur\u0161ka Smole<\/em><\/span><\/li>\r\n<li style=\"text-align: left\"><em><span style=\"color: #000000\"><span style=\"font-size: 10pt\"><strong>AKTIV za podro\u010dje \u0161porta<\/strong> \u2013 vodja: Kristijan Ilijevec<\/span><span style=\"font-size: 10pt\"><br><\/span><\/span><\/em><\/li>\r\n<li><span style=\"color: #000000\"><em><strong>AKTIV DSP<\/strong> <strong>\u2013<\/strong> vodja Barbara Poto\u010dnik Kolenc<\/em><\/span><\/li>\r\n<\/ul>\r\n<h5 style=\"text-align: center\"><strong><em>&#8220;Plemenito je u\u010diti se, \u0161e bolj plemenito je u\u010diti druge.&#8221; <\/em><em>(Mark Twain)<\/em><\/strong><\/h5>\r\n<p>&nbsp;<\/p>\r\n<p style=\"text-align: left\"><span style=\"color: #000000\"><span style=\"font-size: 10pt\"> <img loading=\"lazy\" decoding=\"async\" class=\"aligncenter\" src=\"https:\/\/osvojiznanje.weebly.com\/uploads\/5\/4\/7\/9\/54796241\/2024-06-21-23h34-18_orig.jpg\" alt=\"OSVOJI ZNANJE - U\u010denje in organizacija\" width=\"453\" height=\"256\"><\/span><\/span><\/p>\r\n\r\n<p>&nbsp;<\/p>\r\n","protected":false},"excerpt":{"rendered":"<p>ORGANI UPRAVLJANJA RAVNATELJICA: Alojzija Mu\u0161i\u010dSVET \u0160OLE \u2013 predsednica: Silva KosSVET STAR\u0160EV \u2013 STROKOVNI ORGANI U\u010cITELJSKI ZBOR sestavljajo vsi strokovni delavci \u0161ole.ODDEL\u010cNI U\u010cITELJSKI ZBOR sestavljajo strokovni delavci, ki opravljajo vzgojno-izobra\u017eevalno delo v posameznem oddelku.RAZREDNIKI vodijo delo oddel\u010dnega u\u010diteljskega zbora, skrbijo za u\u010dno-vzgojno delo u\u010dencev in sodelujejo s star\u0161i ter \u0161olsko svetovalno slu\u017ebo. Opravljajo druge naloge v [&hellip;]<\/p>\n","protected":false},"author":2887,"featured_media":0,"parent":0,"menu_order":17,"comment_status":"closed","ping_status":"open","template":"","meta":{"_et_pb_use_builder":"","_et_pb_old_content":"","_et_gb_content_width":"","ngg_post_thumbnail":0,"footnotes":""},"class_list":["post-15","page","type-page","status-publish","hentry"],"_links":{"self":[{"href":"https:\/\/os-tinjenova.splet.arnes.si\/index.php?rest_route=\/wp\/v2\/pages\/15","targetHints":{"allow":["GET"]}}],"collection":[{"href":"https:\/\/os-tinjenova.splet.arnes.si\/index.php?rest_route=\/wp\/v2\/pages"}],"about":[{"href":"https:\/\/os-tinjenova.splet.arnes.si\/index.php?rest_route=\/wp\/v2\/types\/page"}],"author":[{"embeddable":true,"href":"https:\/\/os-tinjenova.splet.arnes.si\/index.php?rest_route=\/wp\/v2\/users\/2887"}],"replies":[{"embeddable":true,"href":"https:\/\/os-tinjenova.splet.arnes.si\/index.php?rest_route=%2Fwp%2Fv2%2Fcomments&post=15"}],"version-history":[{"count":15,"href":"https:\/\/os-tinjenova.splet.arnes.si\/index.php?rest_route=\/wp\/v2\/pages\/15\/revisions"}],"predecessor-version":[{"id":8388,"href":"https:\/\/os-tinjenova.splet.arnes.si\/index.php?rest_route=\/wp\/v2\/pages\/15\/revisions\/8388"}],"wp:attachment":[{"href":"https:\/\/os-tinjenova.splet.arnes.si\/index.php?rest_route=%2Fwp%2Fv2%2Fmedia&parent=15"}],"curies":[{"name":"wp","href":"https:\/\/api.w.org\/{rel}","templated":true}]}}