{"id":19,"date":"2012-09-01T22:00:00","date_gmt":"2012-09-01T21:00:00","guid":{"rendered":"http:\/\/os-tinje.splet.arnes.si\/2012\/09\/01\/o-oli\/"},"modified":"2024-09-25T21:55:56","modified_gmt":"2024-09-25T19:55:56","slug":"o-oli","status":"publish","type":"page","link":"https:\/\/os-tinjenova.splet.arnes.si\/?page_id=19","title":{"rendered":"O \u0161oli"},"content":{"rendered":"<p style=\"text-align: justify\"><strong><span style=\"color: #000000\"><span style=\"font-size: 10pt\">\u0160ola na Tinju je bila zgrajena 2. januarja 1882 in se je imenovala U\u010cILNICA. Ustanovljena je bila kot enorazrednica. Ob ustanovitvi jo je obiskovalo 107 u\u010dencev. <\/span><\/span><\/strong><\/p>\n<p style=\"text-align: justify\"><strong><span style=\"color: #000000\"><span style=\"font-size: 10pt\">Med drugo svetovno vojno je nem\u0161ki okupator izvajal pouk v nem\u0161kem jeziku, za\u017egal je precej slovenskih knjig in \u0161olsko kroniko. Z razmahom narodnoosvobodilnega gibanja na Pohorju, v letu 1943, so partizani v no\u010di na 23. oktober 1943 izvedli rekvizicijo in priredili miting na Tinju. Iz \u0161ole so znosili vso opremo in jo za\u017egali. Od tedaj na Tinju ni bilo ve\u010d pouka vse do konca vojne.<\/span><\/span><\/strong><\/p>\n<p style=\"text-align: justify\"><strong><span style=\"color: #000000\"><span style=\"font-size: 10pt\">V \u0161olskem letu 1966\/67 je imela \u0161ola prvi\u010d osem oddelkov. Obstoje\u010da zgradba je postala prostorsko neprimerna.<\/span><\/span><\/strong><\/p>\n<p style=\"text-align: justify\"><strong><span style=\"color: #000000\"><span style=\"font-size: 10pt\">Aprila 1985 se je pri\u010dela gradnja nove \u0161ole kot petrazrednice. Pouk se je v njej pri\u010del 14. januarja 1986, uradna otvoritev pa je bila 8. februarja 1986. Istega leta, 15. junija, se je Osnovna \u0161ola Tinje preimenovala v Osnovno \u0161olo Partizanska bolni\u0161nica Jesen Tinje.<\/span><\/span><\/strong><\/p>\n<p style=\"text-align: justify\"><strong><span style=\"color: #000000\"><span style=\"font-size: 10pt\">Z izgradnjo Doma krajanov in gasilcev Tinje, leta 1995, je \u0161ola dobila novo telovadnico. V \u010dasu gradnje Doma je vodstvo \u0161ole odgovornim v ob\u010dini oktobra 1993 predstavilo pobudo za ureditev podstre\u0161ja \u0161ole za potrebe \u0161ole in vrtca. Tako kot pri gradnji Doma krajanov in gasilcev so krajani prispevali ves potreben les.<\/span><\/span><\/strong><\/p>\n<p style=\"text-align: justify\"><strong><span style=\"color: #000000\"><span style=\"font-size: 10pt\">Otvoritev novih dveh u\u010dilnic, igralnice vrtca, zbornice in pisarne je bila 26. novembra 1994. S tem je \u0161ola izpolnila prostorske pogoje za izvajanje programa osemletnega \u0161olanja v eni izmeni.<\/span><\/span><\/strong><\/p>\n<div style=\"text-align: justify\">\n<p><strong><span style=\"color: #000000\"><span style=\"font-size: 10pt\"> Za potrebe devetletke pa&nbsp; je bila na\u010drtovana izgradnja novih prostorov v prizidku \u0161ole. Temeljni kamen za izgradnjo prizidka, ki&nbsp; smo ga vsi nestrpno pri\u010dakovali, je bil polo\u017een v soboto, 20. junija 2009. Gradnja prizidka k osnovni \u0161oli in izgradnja vrtca se je za\u010dela v mesecu juliju 2009.<\/span><\/span><\/strong><\/p>\n<p><strong><span style=\"color: #000000\">Prvi september 2010 je bil za vse u\u010dence in zaposlene nekaj posebnega, saj smo pouk pri\u010deli v novih prostorih ter obnovljeni obstoje\u010di \u0161olski zgradbi. Prvo skupno sre\u010danje star\u0161ev, u\u010dencev in u\u010diteljev v novi jedilnici je bilo nekaj izjemnega. Zadovoljstvo u\u010dencev nad videnim je bilo nepopisno, kar je razumljivo, saj smo pridobili pet novih lepo opremljenih u\u010dilnic s kabineti, knji\u017enico, z zbornico, s kuhinjo, z jedilnico, prostor za arhiv, sanitarije, dvigalo za gibalno ovirane otroke. Povsem obnovljeni in delno prostorsko spremenjeni so tudi prostori stare \u0161ole. V teh prostorih je nova ra\u010dunalni\u0161ka u\u010dilnica, garderoba za otroke z omaricami, kabinet za u\u010diteljice prve triade, preurejeni so poslovni prostori, novi so prostori za pedagoginjo in specialno pedagoginjo ter garderoba za zaposlene. Objekt je energetsko var\u010den in ima tudi son\u010dni kolektor za gretje vode. Vse odpadne vode pre\u010di\u0161\u010duje \u010distilna naprava.<\/span><\/strong><br \/>\n<strong><span style=\"color: #000000\">Sedaj tinjska \u0161ola zagotovo spada med lep\u0161e in bolje opremljene \u0161ole v dr\u017eavi. Tak\u0161na kot je, nudi odli\u010dne pogoje za delo.<\/span><\/strong><\/p>\n<\/div>\n<div style=\"text-align: justify\"><span style=\"color: #000000\"><span style=\"font-size: 10pt\"> <img decoding=\"async\" class=\"aligncenter\" src=\"https:\/\/encrypted-tbn0.gstatic.com\/images?q=tbn:ANd9GcRWThbYLrx0Xb3j3J74xtL-ZTs7JPv-azRhpw&amp;usqp=CAU\" alt=\"Poziv za evidentiranje kandidatov za \u010dlane Sveta zavoda - O\u0160 Partizanska bolni\u0161nica Jesen Tinje - slovenska-bistrica.si\"><\/span><\/span><\/div>\n<div style=\"text-align: justify\"><span style=\"color: #000000\"><span style=\"font-size: 10pt\">&nbsp;<\/span><\/span><\/div>\n","protected":false},"excerpt":{"rendered":"<p>\u0160ola na Tinju je bila zgrajena 2. januarja 1882 in se je imenovala U\u010cILNICA. Ustanovljena je bila kot enorazrednica. Ob ustanovitvi jo je obiskovalo 107 u\u010dencev. Med drugo svetovno vojno je nem\u0161ki okupator izvajal pouk v nem\u0161kem jeziku, za\u017egal je precej slovenskih knjig in \u0161olsko kroniko. Z razmahom narodnoosvobodilnega gibanja na Pohorju, v letu 1943, [&hellip;]<\/p>\n","protected":false},"author":2887,"featured_media":0,"parent":0,"menu_order":14,"comment_status":"closed","ping_status":"open","template":"","meta":{"_et_pb_use_builder":"","_et_pb_old_content":"","_et_gb_content_width":"","ngg_post_thumbnail":0,"footnotes":""},"class_list":["post-19","page","type-page","status-publish","hentry"],"_links":{"self":[{"href":"https:\/\/os-tinjenova.splet.arnes.si\/index.php?rest_route=\/wp\/v2\/pages\/19","targetHints":{"allow":["GET"]}}],"collection":[{"href":"https:\/\/os-tinjenova.splet.arnes.si\/index.php?rest_route=\/wp\/v2\/pages"}],"about":[{"href":"https:\/\/os-tinjenova.splet.arnes.si\/index.php?rest_route=\/wp\/v2\/types\/page"}],"author":[{"embeddable":true,"href":"https:\/\/os-tinjenova.splet.arnes.si\/index.php?rest_route=\/wp\/v2\/users\/2887"}],"replies":[{"embeddable":true,"href":"https:\/\/os-tinjenova.splet.arnes.si\/index.php?rest_route=%2Fwp%2Fv2%2Fcomments&post=19"}],"version-history":[{"count":6,"href":"https:\/\/os-tinjenova.splet.arnes.si\/index.php?rest_route=\/wp\/v2\/pages\/19\/revisions"}],"predecessor-version":[{"id":8255,"href":"https:\/\/os-tinjenova.splet.arnes.si\/index.php?rest_route=\/wp\/v2\/pages\/19\/revisions\/8255"}],"wp:attachment":[{"href":"https:\/\/os-tinjenova.splet.arnes.si\/index.php?rest_route=%2Fwp%2Fv2%2Fmedia&parent=19"}],"curies":[{"name":"wp","href":"https:\/\/api.w.org\/{rel}","templated":true}]}}