{"id":231,"date":"2014-01-06T21:42:32","date_gmt":"2014-01-06T20:42:32","guid":{"rendered":"http:\/\/os-tinje.splet.arnes.si\/2014\/01\/06\/o-ss\/"},"modified":"2024-10-15T13:23:56","modified_gmt":"2024-10-15T11:23:56","slug":"o-ss","status":"publish","type":"page","link":"https:\/\/os-tinjenova.splet.arnes.si\/?page_id=231","title":{"rendered":"O \u0160SS"},"content":{"rendered":"<h1><span style=\"color: #ff0000\"><span style=\"font-size: 12pt\"><strong>\u0160OLSKA SVETOVALNA SLU\u017dBA<\/strong> (\u0160SS) \u2013 delo \u0161olske pedagoginje v O\u0160 Tinje<\/span><\/span><\/h1>\n<div style=\"text-align: justify\"><a href=\"http:\/\/os-tinjenova.splet.arnes.si\/files\/2021\/01\/Risba_svetovalna_slu\u017eba-1.jpg\"><img loading=\"lazy\" decoding=\"async\" class=\"wp-image-6171 aligncenter\" src=\"http:\/\/os-tinjenova.splet.arnes.si\/files\/2021\/01\/Risba_svetovalna_slu\u017eba-1-225x300.jpg\" alt=\"\" width=\"344\" height=\"459\" srcset=\"https:\/\/os-tinjenova.splet.arnes.si\/files\/2021\/01\/Risba_svetovalna_slu\u017eba-1-225x300.jpg 225w, https:\/\/os-tinjenova.splet.arnes.si\/files\/2021\/01\/Risba_svetovalna_slu\u017eba-1-768x1024.jpg 768w, https:\/\/os-tinjenova.splet.arnes.si\/files\/2021\/01\/Risba_svetovalna_slu\u017eba-1-1152x1536.jpg 1152w, https:\/\/os-tinjenova.splet.arnes.si\/files\/2021\/01\/Risba_svetovalna_slu\u017eba-1-1080x1440.jpg 1080w, https:\/\/os-tinjenova.splet.arnes.si\/files\/2021\/01\/Risba_svetovalna_slu\u017eba-1-980x1307.jpg 980w, https:\/\/os-tinjenova.splet.arnes.si\/files\/2021\/01\/Risba_svetovalna_slu\u017eba-1-480x640.jpg 480w, https:\/\/os-tinjenova.splet.arnes.si\/files\/2021\/01\/Risba_svetovalna_slu\u017eba-1.jpg 1200w\" sizes=\"(max-width: 344px) 100vw, 344px\" \/><\/a><\/div>\n<p><strong>\u0160olska svetovalna slu\u017eba deluje pod okriljem Barbare Poto\u010dnik Kolenc, ki je na \u0161oli vsak dan. Program dela \u0160SS je narejen in je priloga LDN. Temeljne naloge so strnjene v naslednja podro\u010dja:<\/strong><\/p>\n<ul>\n<li><strong>u\u010denja in pou\u010devanja;<\/strong><\/li>\n<li><strong>\u0161olske kulture, vzgoje, klime in reda;<\/strong><\/li>\n<li><strong>telesnega, osebnega in socialnega razvoja u\u010dencev;<\/strong><\/li>\n<li><strong>\u0161olanja in poklicne orientacije;<\/strong><\/li>\n<li><strong>socialno-ekonomske problematike;<\/strong><\/li>\n<li><strong>\u0161tudijskih dejavnosti in prou\u010devanja zakonodaje;<\/strong><\/li>\n<li><strong>vodenja dokumentacije in drugih del.<\/strong><\/li>\n<\/ul>\n<p style=\"text-align: justify\"><span style=\"color: #000000\"><span style=\"font-size: 12pt\">Njena <strong>podro\u010dja dela vklju\u010dujejo<\/strong> VPIS v 1. razred osnovne \u0161ole, &nbsp;POKLICNO INFORMIRANJE, najve\u010d za &nbsp;9. razred O\u0160, vpis v srednje \u0161ole,&nbsp; prenos informacij z zlo\u017eenkami in gradivi s podro\u010dja poklicne dejavnosti oz. \u0161olanja. Prav tako ureja predstavitve posameznih srednjih \u0161ol s poklici, za katere izobra\u017eujejo, skrbi za informacije na oglasni deski, jih seznanja z e-viri, uporabo KIK programa, opravi pogovore z u\u010denci in star\u0161i ter vsako leto oblikuje novo publikacije \u00bbKam po O\u0160?\u00ab itd.<\/span><\/span><\/p>\n<div style=\"text-align: justify\"><span style=\"color: #000000\"><span style=\"font-size: 12pt\">Ukvarja se z U\u010cENCI S POSEBNIMI VZGOJNO-IZOBRA\u017dEVALNIMI POTREBAMI (POSEBNE POTREBE \u2013 PP), pripravlja in poskrbi za vrednotenje individualiziranih programov zanje kot tudi za NADARJENE u\u010dence (NAD). Je koordinator na\u010drtovanih aktivnosti v povezavi z u\u010ditelji, u\u010denci in star\u0161i. Aktivno sodeluje z izvajalci ur dodatne strokovne pomo\u010di (DSP) ob skupnem na\u010drtovanju ciljev, vsebin in upo\u0161tevanju prilagoditev, potrebnih za uspe\u0161nej\u0161e VIZ delo v razredu ter zunaj njega z vodenjem ustrezne dokumentacije. Priporo\u010da&nbsp; tudi vklju\u010ditev zunanjih strokovnjakov &nbsp;ter institucij, v kolikor gre za kompleksnej\u0161e te\u017eave, ki jih s timskim &nbsp;delom v \u0161oli ne uspemo zmanj\u0161ati&nbsp; (psiholog in logoped v ZD Slov. Bistrica, strokovnjaki iz Svetovalnega centra in Pedopsihiatri\u010dnega dispanzerja Maribor ter Zavoda RS za \u0161olstvo \u2013 OE Maribor).<\/span><\/span><\/div>\n<div style=\"text-align: justify\">&nbsp;<\/div>\n<p style=\"text-align: justify\"><span style=\"color: #000000\"><span style=\"font-size: 12pt\">Opravlja analize bralnega razumevanja v 1. triadi, analizira u\u010dne navade, stile in strategije u\u010denja v 4. razredu oz. po dogovoru z ostalimi razredi (podro\u010dje u\u010denja in pou\u010devanja), aktivno sodeluje pri projektu bralne pismenosti in &nbsp;oblikovanju kakovostnega dela z NAD u\u010denci v O\u0160. Poskrbi za delavnice s podro\u010dja preventive oz. za informacije strokovnjakov tistih podro\u010dij, ki so pomembne za zdrav razvoj in pozitivno funkcioniranje odra\u0161\u010dajo\u010dih otrok.<\/span><\/span><\/p>\n<div style=\"text-align: justify\"><span style=\"color: #000000\"><span style=\"font-size: 12pt\">Skozi leto sodeluje z vodstvom, pedago\u0161kimi in strokovnimi delavci \u0161ole, u\u010denci, star\u0161i ter zunanjimi ustanovami pri timskih in individualnih pogovorih oz. re\u0161evanju razli\u010dnih u\u010dnih, vedenjskih posebnosti, socialno-finan\u010dnih stisk, prehrane oz. ostalega, kar je pomembno za otrokovo dobro po\u010dutje, ustrezno vedenje&nbsp; in napredek v \u0161oli (gre za podro\u010dje telesnega, osebnega in socialnega razvoja u\u010dencev; &nbsp;podro\u010dje&nbsp; kulture, vzgoje, klime, reda v O\u0160 v povezavi z internimi oz. zunanjimi&nbsp; izobra\u017eevanji ter projektnimi aktivnostmi).<\/span><\/span><\/div>\n<div style=\"text-align: justify\">&nbsp;<\/div>\n<p style=\"text-align: justify\"><span style=\"color: #000000\"><span style=\"font-size: 12pt\">&nbsp;<\/span><\/span><\/p>\n","protected":false},"excerpt":{"rendered":"<p>\u0160OLSKA SVETOVALNA SLU\u017dBA (\u0160SS) \u2013 delo \u0161olske pedagoginje v O\u0160 Tinje \u0160olska svetovalna slu\u017eba deluje pod okriljem Barbare Poto\u010dnik Kolenc, ki je na \u0161oli vsak dan. Program dela \u0160SS je narejen in je priloga LDN. Temeljne naloge so strnjene v naslednja podro\u010dja: u\u010denja in pou\u010devanja; \u0161olske kulture, vzgoje, klime in reda; telesnega, osebnega in socialnega [&hellip;]<\/p>\n","protected":false},"author":2887,"featured_media":230,"parent":0,"menu_order":1,"comment_status":"closed","ping_status":"open","template":"","meta":{"_et_pb_use_builder":"","_et_pb_old_content":"","_et_gb_content_width":"","ngg_post_thumbnail":0,"footnotes":""},"class_list":["post-231","page","type-page","status-publish","has-post-thumbnail","hentry"],"_links":{"self":[{"href":"https:\/\/os-tinjenova.splet.arnes.si\/index.php?rest_route=\/wp\/v2\/pages\/231","targetHints":{"allow":["GET"]}}],"collection":[{"href":"https:\/\/os-tinjenova.splet.arnes.si\/index.php?rest_route=\/wp\/v2\/pages"}],"about":[{"href":"https:\/\/os-tinjenova.splet.arnes.si\/index.php?rest_route=\/wp\/v2\/types\/page"}],"author":[{"embeddable":true,"href":"https:\/\/os-tinjenova.splet.arnes.si\/index.php?rest_route=\/wp\/v2\/users\/2887"}],"replies":[{"embeddable":true,"href":"https:\/\/os-tinjenova.splet.arnes.si\/index.php?rest_route=%2Fwp%2Fv2%2Fcomments&post=231"}],"version-history":[{"count":8,"href":"https:\/\/os-tinjenova.splet.arnes.si\/index.php?rest_route=\/wp\/v2\/pages\/231\/revisions"}],"predecessor-version":[{"id":8407,"href":"https:\/\/os-tinjenova.splet.arnes.si\/index.php?rest_route=\/wp\/v2\/pages\/231\/revisions\/8407"}],"wp:featuredmedia":[{"embeddable":true,"href":"https:\/\/os-tinjenova.splet.arnes.si\/index.php?rest_route=\/wp\/v2\/media\/230"}],"wp:attachment":[{"href":"https:\/\/os-tinjenova.splet.arnes.si\/index.php?rest_route=%2Fwp%2Fv2%2Fmedia&parent=231"}],"curies":[{"name":"wp","href":"https:\/\/api.w.org\/{rel}","templated":true}]}}