{"id":289,"date":"2014-01-13T18:54:09","date_gmt":"2014-01-13T17:54:09","guid":{"rendered":"http:\/\/os-tinje.splet.arnes.si\/2014\/01\/13\/prehrana\/"},"modified":"2024-10-15T13:31:02","modified_gmt":"2024-10-15T11:31:02","slug":"prehrana","status":"publish","type":"page","link":"https:\/\/os-tinjenova.splet.arnes.si\/?page_id=289","title":{"rendered":"INFORMACIJE O PREHRANI"},"content":{"rendered":"<p><a href=\"http:\/\/os-tinjenova.splet.arnes.si\/files\/2021\/01\/Prehranjujmo-se-mavricno2.png\"><img loading=\"lazy\" decoding=\"async\" class=\"size-medium wp-image-6057 aligncenter\" src=\"http:\/\/os-tinjenova.splet.arnes.si\/files\/2021\/01\/Prehranjujmo-se-mavricno2-300x207.png\" alt=\"\" width=\"300\" height=\"207\"><\/a><\/p>\n<h1 style=\"text-align: justify\"><span style=\"font-size: 12pt;color: #ff0000\"><strong>ORGANIZACIJA \u0160OLSKE PREHRANE<\/strong><\/span><\/h1>\n<p><span style=\"font-size: 12pt\"><span style=\"color: #000000\">V skladu z Resolucijo o nacionalnem programu prehranske politike od 2005 do 2010 in na njej temelje\u010dih Smernicah zdravega prehranjevanja v vzgojno-izobra\u017eevalnih ustanovah, na\u010drtujemo prehrano otrok.<\/span><\/span><\/p>\n<p><strong><span style=\"font-size: 12pt\"><span style=\"color: #000000\">Vsem otrokom zagotavljamo vsaj en obrok, malico. Zainteresiranim u\u010dencem poleg malice nudimo zajtrk med 7.00 in 7.35 ter kosilo med 12.00 in 13.10.<\/span><\/span><\/strong><\/p>\n<p><span style=\"font-size: 12pt\"><span style=\"color: #000000\">Subvencionirano prehrano imajo otroci, katerih star\u0161i so prejeli ustrezno odlo\u010dbo s Centra za socialno delo.<\/span><\/span><\/p>\n<p><span style=\"color: #ff0000\"><strong>INFORMACIJE &nbsp;O&nbsp; SUBVENCIJI &nbsp;<\/strong><strong>\u0161olske prehrane<\/strong><strong> &nbsp;<\/strong><\/span><\/p>\n<p>U\u010dencu, ki se je na \u0161olsko prehrano prijavil pred za\u010detkom \u0161olskega leta in ima njegova dru\u017eina veljavno odlo\u010dbo o otro\u0161kem dodatku, pripada subvencija&nbsp;<strong>od prvega \u0161olskega dne dalje, <\/strong>sicer pa <strong>od dneva prijave<\/strong> na malico ali kosilo. Subvencija prehrane se prizna&nbsp;<strong>za obdobje enega \u0161olskega leta.<\/strong><\/p>\n<p>a) Do polne subvencije oziroma <strong>BREZPLA\u010cNE MALICE<\/strong> so <strong>u p r a v i \u010d e n i<\/strong> u\u010denci oz. u\u010denke:<\/p>\n<ul>\n<li>ki se redno izobra\u017eujejo in so prijavljeni na malico,<\/li>\n<li>kjer povpre\u010dni mese\u010dni dohodek v dru\u017eini na osebo, ugotovljen v veljavni odlo\u010dbi o otro\u0161kem dodatku ali dr\u017eavni \u0161tipendiji, <strong>ne presega<\/strong>&nbsp; <strong>591,22<\/strong>&nbsp; <strong>\u20ac <\/strong>\/e-uprava.gov.si\/.<\/li>\n<\/ul>\n<table>\n<tbody>\n<tr>\n<td width=\"161\"><em>subvencija prehrane<\/em><\/td>\n<td width=\"302\"><em>povpre\u010dni mese\u010dni dohodek&nbsp; na osebo<\/em><\/td>\n<td width=\"151\"><strong>vi\u0161ina subvencije<\/strong><\/td>\n<\/tr>\n<tr>\n<td width=\"161\"><strong>MALICA<\/strong><\/td>\n<td width=\"302\"><strong>do 591,22&nbsp; \u20ac<\/strong><\/td>\n<td width=\"151\">100 %<\/td>\n<\/tr>\n<\/tbody>\n<\/table>\n<p><strong>b) Polna subvencija kosila oz. BREZPLA\u010cNO KOSILO <\/strong>p r i p a d a u\u010dencem oz. u\u010denkam:<\/p>\n<ul>\n<li>ki se redno izobra\u017eujejo in so prijavljeni na kosilo,<\/li>\n<li>pri katerih povpre\u010dni mese\u010dni dohodek na osebo v dru\u017eini, ugotovljen v odlo\u010dbi o otro\u0161kem dodatku ali dr\u017eavni \u0161tipendiji, &nbsp;<strong>ne presega &nbsp;<\/strong><strong>401,58 \u20ac&nbsp; <\/strong>\/e-uprava.gov.si\/.&nbsp;<\/li>\n<\/ul>\n<table>\n<tbody>\n<tr>\n<td width=\"161\"><em>subvencija prehrane<\/em><\/td>\n<td width=\"302\"><em>povpre\u010dni mese\u010dni dohodek na osebo<\/em><\/td>\n<td width=\"151\"><strong>vi\u0161ina subvencije<\/strong><\/td>\n<\/tr>\n<tr>\n<td width=\"161\"><strong>KOSILO<\/strong><\/td>\n<td width=\"302\"><strong>do 401,58 \u20ac<\/strong><\/td>\n<td width=\"151\">100 %<\/td>\n<\/tr>\n<\/tbody>\n<\/table>\n<p>U\u010denci imajo pravico do subvencije za kosilo za <strong>vsak dan prisotnosti<\/strong> pri pouku in drugih dejavnostih obveznega programa v skladu s \u0161olskim koledarjem.&nbsp;<\/p>\n<p>c) Do subvencije za malico in kosilo so upravi\u010deni tudi <strong>u\u010denci, <\/strong>ki so name\u0161\u010deni<strong> v rejni\u0161ko dru\u017eino <\/strong>na podlagi odlo\u010dbe o namestitvi otroka v rejni\u0161ko dru\u017eino. Upravi\u010deni so tudi prosilci za azil.<\/p>\n<p><strong>OPOMBA: Vse <\/strong>informacije <strong>o subvencionirani \u0161olski prehrani<\/strong> najdete na spletni strani <strong><em>Ministrstva za delo, dru\u017eino, socialne zadeve in enake mo\u017enosti <\/em><\/strong><em>ter na portalu<strong>&nbsp; <\/strong><\/em><strong>eUprava.<\/strong> &nbsp;<\/p>\n<p><em><a href=\"https:\/\/www.gov.si\/teme\/subvencije-prehrane-za-ucence-in-dijake\/\">https:\/\/www.gov.si\/teme\/subvencije-prehrane-za-ucence-in-dijake\/<\/a><\/em><em> &#8211; Subvencija prehrane za u\u010dence in dijake.<\/em><\/p>\n<p><em><a href=\"https:\/\/e-uprava.gov.si\">https:\/\/e-uprava.gov.si<\/a><\/em><em> \u2013 Subvencija za prehrano &nbsp;(eUprava).<\/em><\/p>\n<p>VIR:&nbsp;<strong>Zakon o \u0161olski prehrani&nbsp; &#8211;&nbsp;&nbsp;<\/strong>Z\u0160olPre-1 &nbsp;(Uradni list RS, \u0161t.&nbsp;<strong><u><a href=\"http:\/\/www.uradni-list.si\/1\/objava.jsp?sop=2013-01-0058\">3\/13<\/a><\/u>,&nbsp;<u><a href=\"http:\/\/www.uradni-list.si\/1\/objava.jsp?sop=2014-01-1916\">46\/14<\/a><\/u>&nbsp;<\/strong>in<strong>&nbsp;<u><a href=\"http:\/\/www.uradni-list.si\/1\/objava.jsp?sop=2016-01-1999\">46\/16<\/a><\/u>&nbsp;\u2013&nbsp;<\/strong>ZOFVI-K)<\/p>\n<p style=\"text-align: justify\"><span style=\"font-size: 12pt\"><span style=\"color: #000000\">Prijavo na \u0161olsko prehrano se praviloma odda v mesecu juniju za prihodnje \u0161olsko leto na&nbsp; obrazcu (glej zavihek dokumenti).<\/span><\/span><\/p>\n<p style=\"text-align: justify\"><a href=\"http:\/\/os-tinjenova.splet.arnes.si\/files\/2021\/01\/images.jpg\"><img loading=\"lazy\" decoding=\"async\" class=\"wp-image-6059 alignleft\" src=\"http:\/\/os-tinjenova.splet.arnes.si\/files\/2021\/01\/images.jpg\" alt=\"\" width=\"198\" height=\"140\"><\/a><\/p>\n<h2 style=\"text-align: justify\"><span style=\"color: #339966\"><strong><span style=\"font-size: 12pt\">CENIK PREHRANE<\/span><\/strong><\/span><\/h2>\n<table style=\"height: 75px;width: 514px\" border=\"1\" cellspacing=\"0\" cellpadding=\"0\">\n<tbody>\n<tr style=\"height: 19px\">\n<td style=\"height: 19px;width: 174.484px\" valign=\"top\"><span style=\"color: #ff0000\"><strong>ZAJTRK\/na dan<\/strong><\/span><\/td>\n<td style=\"height: 19px;width: 333.516px\" colspan=\"2\" valign=\"top\"><span style=\"color: #ff0000\"><strong>KOSILO\/na dan<\/strong><\/span><\/td>\n<\/tr>\n<tr style=\"height: 37px\">\n<td style=\"height: 37px;width: 174.484px\" valign=\"top\">U\u010cENCI od 1. do 9. r.<\/td>\n<td style=\"height: 37px;width: 136.938px\" valign=\"top\">U\u010cENCI od 1. do 5. r.<\/td>\n<td style=\"height: 37px;width: 194.578px\" valign=\"top\">U\u010cENCI od 6. do 9. r.<\/td>\n<\/tr>\n<tr style=\"height: 19px\">\n<td style=\"height: 19px;width: 174.484px\" valign=\"top\">0,50 \u20ac<\/td>\n<td style=\"height: 19px;width: 136.938px\" valign=\"top\">2,10 \u20ac<\/td>\n<td style=\"height: 19px;width: 194.578px\" valign=\"top\">2,20 \u20ac<\/td>\n<\/tr>\n<\/tbody>\n<\/table>\n<div style=\"text-align: justify\">Cene veljajo od 1. 11. 2021.<\/div>\n<p style=\"text-align: justify\"><strong><span style=\"font-size: 12pt\"><span style=\"color: #000000\">Navedene cene kosil se za nestalne naro\u010dnike pove\u010dajo za 0,10 \u20ac po obroku.<\/span><\/span><\/strong><\/p>\n<p style=\"text-align: justify\"><strong><span style=\"font-size: 12pt\"><span style=\"color: #000000\">Ceno malice dolo\u010da Ministrstvo za \u0161olstvo in&nbsp; od 1. 9. 2021 zna\u0161a 0,90 \u20ac na dan.<\/span><\/span><\/strong><\/p>\n<div style=\"text-align: justify\"><a href=\"http:\/\/os-tinjenova.splet.arnes.si\/files\/2021\/01\/odjava-prehrane.jpg\"><img loading=\"lazy\" decoding=\"async\" class=\"alignnone size-full wp-image-6060\" src=\"http:\/\/os-tinjenova.splet.arnes.si\/files\/2021\/01\/odjava-prehrane.jpg\" alt=\"\" width=\"228\" height=\"80\"><\/a><\/div>\n<div style=\"text-align: justify\"><span style=\"font-size: 12pt\"><span style=\"color: #000000\">V primeru bolezni ali druge odsotnosti u\u010denca lahko star\u0161i odjavijo prehrano za dolo\u010den \u010das oz. \u010das odsotnosti u\u010denca.<\/span><\/span><\/div>\n<p style=\"text-align: justify\"><strong><span style=\"font-size: 12pt\"><span style=\"color: #000000\">Prehrana se praviloma odjavi pri poslovni sekretarki ali ra\u010dunovodkinji ustno, po elektronski po\u0161ti, po faksu ali pisno do 10.00 ure. V tem primeru velja odjava z naslednjim dnem po prejemu oz. z dnem, ki ga dolo\u010di oseba, ki je podala odjavo.<\/span><\/span><\/strong><\/p>\n<p style=\"text-align: justify\"><span style=\"font-size: 12pt\"><span style=\"color: #000000\">\u010ce star\u0161i v naprej vedo, da bo otrok odsoten dolo\u010den(e) dan (dneve) in prehrano odjavijo vsaj dan pred dnevom odsotnosti, velja odjava z dnem odsotnosti.<\/span><\/span><\/p>\n<p style=\"text-align: justify\"><span style=\"font-size: 12pt\"><span style=\"color: #000000\">V primeru odsotnosti poslovne sekretarke ali ra\u010dunovodkinje lahko odjavo sprejme tudi drugi zaposleni.<\/span><\/span><\/p>\n<p style=\"text-align: justify\"><strong><span style=\"font-size: 12pt\"><span style=\"color: #000000\">V primeru, da prehrana ni pravo\u010dasno odjavljena, bo naro\u010dnik pla\u010dal polno ceno obroka.<\/span><\/span><\/strong><\/p>\n<p style=\"text-align: justify\"><span style=\"font-size: 12pt\"><span style=\"color: #000000\">U\u010dencu, ki je odsoten zaradi dejavnosti, ki jih organizira \u0161ola, odjavi \u0161olsko prehrano strokovni delavec, ki je zadol\u017een za izvedbo dejavnosti.<\/span><\/span><\/p>\n<div style=\"text-align: justify\"><span style=\"font-size: 12pt\"><span style=\"color: #000000\">&nbsp;<\/span><\/span><\/div>\n","protected":false},"excerpt":{"rendered":"<p>ORGANIZACIJA \u0160OLSKE PREHRANE V skladu z Resolucijo o nacionalnem programu prehranske politike od 2005 do 2010 in na njej temelje\u010dih Smernicah zdravega prehranjevanja v vzgojno-izobra\u017eevalnih ustanovah, na\u010drtujemo prehrano otrok. Vsem otrokom zagotavljamo vsaj en obrok, malico. Zainteresiranim u\u010dencem poleg malice nudimo zajtrk med 7.00 in 7.35 ter kosilo med 12.00 in 13.10. Subvencionirano prehrano imajo [&hellip;]<\/p>\n","protected":false},"author":2887,"featured_media":288,"parent":0,"menu_order":1,"comment_status":"closed","ping_status":"open","template":"","meta":{"_et_pb_use_builder":"","_et_pb_old_content":"","_et_gb_content_width":"","ngg_post_thumbnail":0,"footnotes":""},"class_list":["post-289","page","type-page","status-publish","has-post-thumbnail","hentry"],"_links":{"self":[{"href":"https:\/\/os-tinjenova.splet.arnes.si\/index.php?rest_route=\/wp\/v2\/pages\/289","targetHints":{"allow":["GET"]}}],"collection":[{"href":"https:\/\/os-tinjenova.splet.arnes.si\/index.php?rest_route=\/wp\/v2\/pages"}],"about":[{"href":"https:\/\/os-tinjenova.splet.arnes.si\/index.php?rest_route=\/wp\/v2\/types\/page"}],"author":[{"embeddable":true,"href":"https:\/\/os-tinjenova.splet.arnes.si\/index.php?rest_route=\/wp\/v2\/users\/2887"}],"replies":[{"embeddable":true,"href":"https:\/\/os-tinjenova.splet.arnes.si\/index.php?rest_route=%2Fwp%2Fv2%2Fcomments&post=289"}],"version-history":[{"count":8,"href":"https:\/\/os-tinjenova.splet.arnes.si\/index.php?rest_route=\/wp\/v2\/pages\/289\/revisions"}],"predecessor-version":[{"id":8413,"href":"https:\/\/os-tinjenova.splet.arnes.si\/index.php?rest_route=\/wp\/v2\/pages\/289\/revisions\/8413"}],"wp:featuredmedia":[{"embeddable":true,"href":"https:\/\/os-tinjenova.splet.arnes.si\/index.php?rest_route=\/wp\/v2\/media\/288"}],"wp:attachment":[{"href":"https:\/\/os-tinjenova.splet.arnes.si\/index.php?rest_route=%2Fwp%2Fv2%2Fmedia&parent=289"}],"curies":[{"name":"wp","href":"https:\/\/api.w.org\/{rel}","templated":true}]}}