{"id":350,"date":"2014-04-18T17:22:49","date_gmt":"2014-04-18T16:22:49","guid":{"rendered":"http:\/\/os-tinje.splet.arnes.si\/2014\/04\/18\/nad-2\/"},"modified":"2024-10-15T13:27:38","modified_gmt":"2024-10-15T11:27:38","slug":"nad-2","status":"publish","type":"page","link":"https:\/\/os-tinjenova.splet.arnes.si\/?page_id=350","title":{"rendered":"NADARJENI U\u010cENCI"},"content":{"rendered":"<p><img decoding=\"async\" class=\"aligncenter\" src=\"https:\/\/encrypted-tbn0.gstatic.com\/images?q=tbn:ANd9GcQDHDsZhWD0E89fPLlV5FLsqM--a0bP_YrzIv6NwKgoZNql4kGeEomfKGnyHslWR_9YSRQ&amp;usqp=CAU\" alt=\"Sporo\u010dilo v steklenici: IDENTIFIKACIJA NADARJENIH U\u010cENCEV V OSNOVNIH \u0160OLAH  - NADARJENOST IN USTVARJALNOST\"><\/p>\n<p style=\"text-align: justify\"><span style=\"font-size: 12pt\"><span style=\"color: #000000\">\u00bbPogled na nadarjenost in nadarjene, na smisel in pomen posebne skrbi za nadarjene ter na vlogo posameznika in dru\u017ebe v razvoju nadarjenosti se je skozi zgodovino nenehno razvijal in spreminjal (Tannenbaum, 2000, v Bezi\u0107 in drugi, 2012, str. 12)\u00ab.<\/span><\/span><\/p>\n<p style=\"text-align: justify\"><span style=\"font-size: 12pt\"><span style=\"color: #000000\">V Zakonu o O\u0160 (1996) so bili od leta 1996 <strong>do leta 2011<\/strong> nadarjeni u\u010denci, skupaj z u\u010denci z u\u010dnimi te\u017eavami in u\u010denci, ki potrebujejo posebej prilagojene programe dela, <strong>opredeljeni kot u\u010denci s posebnimi vzgojno-izobra\u017eevalnimi potrebami.<\/strong> Od leta 2000 naprej so u\u010denci na osnovi veljavne zakonodaje pridobili pravico do posebne individualne ali skupinske u\u010dne pomo\u010di (12. \u010dlen Zakona o O\u0160), pravico do vklju\u010ditve k dodatnemu pouku, mo\u017enost hitrej\u0161ega napredovanja itd. Oddel\u010dni u\u010diteljski zbori (OUZ) pa so postali v O\u0160 in S\u0160 <strong>odgovorni za individualizacijo ter diferenciacijo pouka tudi za nadarjene u\u010dence <\/strong>(63. \u010dlen ZOFVI, Ur. l. RS 12\/96), svetovalne slu\u017ebe pa za sodelovanje pri na\u010drtovanju, spremljanju in evalvaciji individualiziranih programov (ZOFVI, 67. \u010dlen).<\/span><\/span><\/p>\n<p style=\"text-align: justify\"><span style=\"font-size: 12pt\"><span style=\"color: #000000\">Koncept odkrivanja in dela z nadarjenimi u\u010denci v osnovni \u0161oli temelji na definiciji, da so nadarjeni ali talentirani tisti otroci in mladostniki, ki so na pred\u0161olski stopnji, v osnovni ali srednji \u0161oli pokazali visoke dose\u017eke ali potenciale na intelektualnem, ustvarjalnem, specifi\u010dno akademskem, vodstvenem ali umetni\u0161kem podro\u010dju ter poleg rednega \u0161olskega programa potrebujejo posebej prilagojene programe in aktivnosti.&nbsp; V Konceptu (1999) je izpostavljeno, da raziskave ka\u017eejo, da imajo nadarjeni nekatere osebnostne lastnosti (pri njih so bolj izrazite), ki jih pri drugih u\u010dencih ne najdemo. &nbsp;Te se nana\u0161ajo na razli\u010dna podro\u010dja, kot so:<\/span><\/span><\/p>\n<p style=\"text-align: justify\"><span style=\"font-size: 12pt\"><span style=\"color: #000000\"><strong>MISELNO-SPOZNAVNO PODRO\u010cJE<\/strong> \u2013 razvito divergentno in logi\u010dno mi\u0161ljenje, nenavadna domi\u0161ljija, natan\u010dnost opazovanja, dober spomin, smisel za humor.<\/span><\/span><\/p>\n<p style=\"text-align: justify\"><span style=\"font-size: 12pt\"><span style=\"color: #000000\"><strong>U\u010cNO-STORILNOSTNO PODRO\u010cJE<\/strong> \u2013 \u0161iroka razgledanost, visoka u\u010dna uspe\u0161nost, bogato besedi\u0161\u010de, hitro branje, spretnost v eni od umetni\u0161kih dejavnosti (glasba, ples, risanje, dramatizacija \u2026), motori\u010dna vzdr\u017eljivost in spretnost.<\/span><\/span><\/p>\n<p style=\"text-align: justify\"><span style=\"font-size: 12pt\"><span style=\"color: #000000\"><strong>SOCIALNO-\u010cUSTVENO PODRO\u010cJE<\/strong> \u2013 razvit ob\u010dutek za pravi\u010dnost, neodvisnost in samostojnost, sposobnost vodenja ter vplivanja na druge, izrazit smisel za organizacijo, sposobnost v\u017eivljanja v \u010dustva in ob\u010dutke drugih.<\/span><\/span><\/p>\n<p style=\"text-align: justify\"><span style=\"font-size: 12pt\"><span style=\"color: #000000\"><strong>MOTIVACIJA <\/strong>\u2013 visoka pri\u010dakovanja in potreba po doseganju odli\u010dnosti, radovednost, raznoliki ter mo\u010dno izra\u017eeni interesi, vztrajnost pri re\u0161evanju nalog, visoka storilnostna motivacija, u\u017eivanje v dose\u017ekih. \u010cim bolj dosledno se ka\u017eejo posamezne lastnosti pri u\u010dencu, tem bolj verjetno je, da je NADARJEN.<\/span><\/span><\/p>\n<p style=\"text-align: justify\"><span style=\"font-size: 12pt\"><span style=\"color: #000000\">Na osnovi izhodi\u0161\u010d teorije slovenski KONCEPT (1999) predvideva TRI (3)<strong> stopnje ODKRIVANJA<\/strong> NADARJENIH:<\/span><\/span><\/p>\n<div style=\"text-align: justify\">\n<ol>\n<li><span style=\"font-size: 12pt\"><span style=\"color: #000000\">EVIDENTIRANJE (predlogi na osnovi dose\u017ekov, opa\u017eenih izstopajo\u010dih lastnosti \u2026 );<\/span><\/span><\/li>\n<li><span style=\"font-size: 12pt\"><span style=\"color: #000000\">IDENTIFIKACIJA (ugotavljanje vrste in stopnje nadarjenosti) ter <\/span><\/span><\/li>\n<li><span style=\"font-size: 12pt\"><span style=\"color: #000000\">SEZNINITEV IN PRIDOBITEV MNENJA STAR\u0160EV. <\/span><\/span><\/li>\n<\/ol>\n<\/div>\n<p style=\"text-align: justify\"><span style=\"font-size: 12pt\"><span style=\"color: #000000\">Za IDENTIFIKACIJO (testiranje s testi splo\u0161nih intelektalnih sposobnosti, testom ustvarjalnosti in izvedba ocenjevanja z ocenjevalnimi lestvicami nadarjenosti po posameznih podro\u010djih) mora O\u0160 obvezno pridobiti PISNO SOGLASJE STAR\u0160EV.<\/span><\/span><\/p>\n<p style=\"text-align: justify\"><span style=\"font-size: 12pt\"><span style=\"color: #000000\">Ve\u010d informacij o delu z nadarjenimi se nahaja na spletnih straneh Zavoda RS za \u0161olstvo: <a href=\"http:\/\/www.zrss.si\/\">http:\/\/www.zrss.si\/<\/a><\/span><\/span><\/p>\n<ul>\n<li><span style=\"font-size: 12pt\"><span style=\"color: #000000\"><a href=\"http:\/\/www.zrss.si\/pdf\/210911135740_ssd_nadarjeni20koncepto%C5%A1.pdf\"><strong>Koncept: <\/strong>Odkrivanje in delo z nadarjenimi u\u010denci v O\u0160<\/a>.<\/span><\/span><\/li>\n<\/ul>\n<ul>\n<li>\n<div style=\"text-align: justify\"><span style=\"font-size: 12pt\"><span style=\"color: #000000\"><strong>Operacionalizacija koncepta: <\/strong><a href=\"http:\/\/831.gvs.arnes.si\/oscren\/wp-content\/uploads\/2014\/02\/Operacionalizacija-koncepta_nadarjeni_O%C5%A0-2009.pdf\" target=\"_blank\" rel=\"noopener noreferrer\">Odkrivanje in delo z nadarjenimi u\u010denci v osnovni \u0161oli<\/a>.<\/span><\/span><\/div>\n<\/li>\n<\/ul>\n<ul>\n<li>\n<div><span style=\"font-size: 12pt\"><span style=\"font-size: 12pt\"><span style=\"font-size: 12pt\"><span style=\"color: #000000\"><strong>INDEP <\/strong>\u2013 program dela (obrazec) za na\u010drtovanje vsebin, ciljev&nbsp; z nadarjenim u\u010dencem.<\/span><\/span><\/span><\/span><\/div>\n<\/li>\n<\/ul>\n","protected":false},"excerpt":{"rendered":"<p>\u00bbPogled na nadarjenost in nadarjene, na smisel in pomen posebne skrbi za nadarjene ter na vlogo posameznika in dru\u017ebe v razvoju nadarjenosti se je skozi zgodovino nenehno razvijal in spreminjal (Tannenbaum, 2000, v Bezi\u0107 in drugi, 2012, str. 12)\u00ab. V Zakonu o O\u0160 (1996) so bili od leta 1996 do leta 2011 nadarjeni u\u010denci, skupaj [&hellip;]<\/p>\n","protected":false},"author":2887,"featured_media":0,"parent":0,"menu_order":1,"comment_status":"closed","ping_status":"open","template":"","meta":{"_et_pb_use_builder":"","_et_pb_old_content":"","_et_gb_content_width":"","ngg_post_thumbnail":0,"footnotes":""},"class_list":["post-350","page","type-page","status-publish","hentry"],"_links":{"self":[{"href":"https:\/\/os-tinjenova.splet.arnes.si\/index.php?rest_route=\/wp\/v2\/pages\/350","targetHints":{"allow":["GET"]}}],"collection":[{"href":"https:\/\/os-tinjenova.splet.arnes.si\/index.php?rest_route=\/wp\/v2\/pages"}],"about":[{"href":"https:\/\/os-tinjenova.splet.arnes.si\/index.php?rest_route=\/wp\/v2\/types\/page"}],"author":[{"embeddable":true,"href":"https:\/\/os-tinjenova.splet.arnes.si\/index.php?rest_route=\/wp\/v2\/users\/2887"}],"replies":[{"embeddable":true,"href":"https:\/\/os-tinjenova.splet.arnes.si\/index.php?rest_route=%2Fwp%2Fv2%2Fcomments&post=350"}],"version-history":[{"count":12,"href":"https:\/\/os-tinjenova.splet.arnes.si\/index.php?rest_route=\/wp\/v2\/pages\/350\/revisions"}],"predecessor-version":[{"id":8410,"href":"https:\/\/os-tinjenova.splet.arnes.si\/index.php?rest_route=\/wp\/v2\/pages\/350\/revisions\/8410"}],"wp:attachment":[{"href":"https:\/\/os-tinjenova.splet.arnes.si\/index.php?rest_route=%2Fwp%2Fv2%2Fmedia&parent=350"}],"curies":[{"name":"wp","href":"https:\/\/api.w.org\/{rel}","templated":true}]}}