{"id":57,"date":"2009-03-16T21:37:03","date_gmt":"2009-03-16T20:37:03","guid":{"rendered":"http:\/\/os-tinje.splet.arnes.si\/2009\/03\/16\/olski-zvonec\/"},"modified":"2023-11-08T19:28:15","modified_gmt":"2023-11-08T18:28:15","slug":"olski-zvonec","status":"publish","type":"page","link":"https:\/\/os-tinjenova.splet.arnes.si\/?page_id=57","title":{"rendered":"\u0160OLSKI ZVONEC"},"content":{"rendered":"<p><a href=\"http:\/\/os-tinjenova.splet.arnes.si\/files\/2021\/01\/prenos.jpg\"><img loading=\"lazy\" decoding=\"async\" class=\"wp-image-6034 alignleft\" src=\"http:\/\/os-tinjenova.splet.arnes.si\/files\/2021\/01\/prenos.jpg\" alt=\"\" width=\"219\" height=\"262\"><\/a><\/p>\n<table style=\"height: 496px\" border=\"1\" width=\"530\" cellspacing=\"0\" cellpadding=\"0\">\n<tbody>\n<tr style=\"height: 34px\">\n<td style=\"height: 10px;width: 181.363px\">\n<p><span style=\"color: #000000\">Od 06.30 do 07.45<\/span><\/p>\n<p><span style=\"color: #000000\">Po dogovoru od 5.45<\/span><\/td>\n<td style=\"height: 10px;width: 343.837px\"><span style=\"color: #000000\">Jutranje varstvo u\u010dencev 1. razreda<\/span><\/td>\n<\/tr>\n<tr style=\"height: 34px\">\n<td style=\"height: 34px;width: 181.363px\"><span style=\"color: #000000\">Od 07.00 do 07.45<\/span><\/td>\n<td style=\"height: 34px;width: 343.837px\"><span style=\"color: #000000\">Varstvo u\u010dencev voza\u010dev<\/span><\/td>\n<\/tr>\n<tr style=\"height: 34px\">\n<td style=\"height: 34px;width: 181.363px\"><span style=\"color: #000000\">Od 07.45 do 08.30<\/span><\/td>\n<td style=\"height: 34px;width: 343.837px\"><span style=\"color: #000000\">1. ura<\/span><\/td>\n<\/tr>\n<tr style=\"height: 34px\">\n<td style=\"height: 34px;width: 181.363px\"><span style=\"color: #000000\">Od 08.30 do 08.35<\/span><\/td>\n<td style=\"height: 34px;width: 343.837px\"><span style=\"color: #000000\">Odmor<\/span><\/td>\n<\/tr>\n<tr style=\"height: 34px\">\n<td style=\"height: 34px;width: 181.363px\"><span style=\"color: #000000\">Od 08.35 do 09.20<\/span><\/td>\n<td style=\"height: 34px;width: 343.837px\"><span style=\"color: #000000\">2. ura<\/span><\/td>\n<\/tr>\n<tr style=\"height: 35px\">\n<td style=\"height: 35px;width: 181.363px\"><span style=\"color: #000000\">Od 09.20 do 09.40<\/span><\/td>\n<td style=\"height: 35px;width: 343.837px\"><span style=\"color: #000000\">Odmor za malico<\/span><\/td>\n<\/tr>\n<tr style=\"height: 35px\">\n<td style=\"height: 35px;width: 181.363px\"><span style=\"color: #000000\">Od 09.40 do 10.25<\/span><\/td>\n<td style=\"height: 35px;width: 343.837px\"><span style=\"color: #000000\">3. ura<\/span><\/td>\n<\/tr>\n<tr style=\"height: 35px\">\n<td style=\"height: 35px;width: 181.363px\"><span style=\"color: #000000\">Od 10.25 do 10.30<\/span><\/td>\n<td style=\"height: 35px;width: 343.837px\"><span style=\"color: #000000\">Odmor<\/span><\/td>\n<\/tr>\n<tr style=\"height: 35px\">\n<td style=\"height: 35px;width: 181.363px\"><span style=\"color: #000000\">Od 10.30 do 11.15<\/span><\/td>\n<td style=\"height: 35px;width: 343.837px\"><span style=\"color: #000000\">4. ura<\/span><\/td>\n<\/tr>\n<tr style=\"height: 35px\">\n<td style=\"height: 35px;width: 181.363px\"><span style=\"color: #000000\">Od 11.15 do 11.20<\/span><\/td>\n<td style=\"height: 35px;width: 343.837px\"><span style=\"color: #000000\">Odmor<\/span><\/td>\n<\/tr>\n<tr style=\"height: 35px\">\n<td style=\"height: 35px;width: 181.363px\"><span style=\"color: #000000\">Od 11.20 do 12.05<\/span><\/td>\n<td style=\"height: 35px;width: 343.837px\"><span style=\"color: #000000\">5. ura<\/span><\/td>\n<\/tr>\n<tr style=\"height: 35px\">\n<td style=\"height: 35px;width: 181.363px\"><span style=\"color: #000000\">Od 12.05 do 12.10<\/span><\/td>\n<td style=\"height: 35px;width: 343.837px\"><span style=\"color: #000000\">Odmor<\/span><\/td>\n<\/tr>\n<tr style=\"height: 35px\">\n<td style=\"height: 35px;width: 181.363px\"><span style=\"color: #000000\">Od 12.10 do 12.55<\/span><\/td>\n<td style=\"height: 35px;width: 343.837px\"><span style=\"color: #000000\">6. ura, ob 12.05 za\u010detek kosila do 13.10<\/span><\/td>\n<\/tr>\n<tr style=\"height: 35px\">\n<td style=\"height: 35px;width: 181.363px\"><span style=\"color: #000000\">Od 12.55 do 13.10<\/span><\/td>\n<td style=\"height: 35px;width: 343.837px\"><span style=\"color: #000000\">Odmor za kosilo za u\u010dence, ki imajo 7. u\u010dno uro.<\/span><\/td>\n<\/tr>\n<tr style=\"height: 35px\">\n<td style=\"height: 35px;width: 181.363px\"><span style=\"color: #000000\">Od 13.10 do 13.55<\/span><\/td>\n<td style=\"height: 35px;width: 343.837px\"><span style=\"color: #000000\">7. ura<\/span><\/td>\n<\/tr>\n<\/tbody>\n<\/table>\n<p style=\"text-align: center\">&nbsp;<\/p>\n","protected":false},"excerpt":{"rendered":"<p>Od 06.30 do 07.45 Po dogovoru od 5.45 Jutranje varstvo u\u010dencev 1. razreda Od 07.00 do 07.45 Varstvo u\u010dencev voza\u010dev Od 07.45 do 08.30 1. ura Od 08.30 do 08.35 Odmor Od 08.35 do 09.20 2. ura Od 09.20 do 09.40 Odmor za malico Od 09.40 do 10.25 3. ura Od 10.25 do 10.30 Odmor [&hellip;]<\/p>\n","protected":false},"author":2887,"featured_media":0,"parent":0,"menu_order":5,"comment_status":"closed","ping_status":"open","template":"","meta":{"_et_pb_use_builder":"","_et_pb_old_content":"","_et_gb_content_width":"","ngg_post_thumbnail":0,"footnotes":""},"class_list":["post-57","page","type-page","status-publish","hentry"],"_links":{"self":[{"href":"https:\/\/os-tinjenova.splet.arnes.si\/index.php?rest_route=\/wp\/v2\/pages\/57","targetHints":{"allow":["GET"]}}],"collection":[{"href":"https:\/\/os-tinjenova.splet.arnes.si\/index.php?rest_route=\/wp\/v2\/pages"}],"about":[{"href":"https:\/\/os-tinjenova.splet.arnes.si\/index.php?rest_route=\/wp\/v2\/types\/page"}],"author":[{"embeddable":true,"href":"https:\/\/os-tinjenova.splet.arnes.si\/index.php?rest_route=\/wp\/v2\/users\/2887"}],"replies":[{"embeddable":true,"href":"https:\/\/os-tinjenova.splet.arnes.si\/index.php?rest_route=%2Fwp%2Fv2%2Fcomments&post=57"}],"version-history":[{"count":9,"href":"https:\/\/os-tinjenova.splet.arnes.si\/index.php?rest_route=\/wp\/v2\/pages\/57\/revisions"}],"predecessor-version":[{"id":7972,"href":"https:\/\/os-tinjenova.splet.arnes.si\/index.php?rest_route=\/wp\/v2\/pages\/57\/revisions\/7972"}],"wp:attachment":[{"href":"https:\/\/os-tinjenova.splet.arnes.si\/index.php?rest_route=%2Fwp%2Fv2%2Fmedia&parent=57"}],"curies":[{"name":"wp","href":"https:\/\/api.w.org\/{rel}","templated":true}]}}