{"id":69,"date":"2009-03-16T21:52:32","date_gmt":"2009-03-16T20:52:32","guid":{"rendered":"http:\/\/os-tinje.splet.arnes.si\/2009\/03\/16\/interesne-dejavnosti\/"},"modified":"2024-09-29T23:10:56","modified_gmt":"2024-09-29T21:10:56","slug":"interesne-dejavnosti","status":"publish","type":"page","link":"https:\/\/os-tinjenova.splet.arnes.si\/?page_id=69","title":{"rendered":"INTERESNE DEJAVNOSTI"},"content":{"rendered":"<p><span style=\"color: #000000\"><strong><span style=\"font-size: 12pt\">U\u010dencem ponujamo naslednje interesne dejavnosti:&nbsp;<\/span><\/strong><\/span><\/p>\n<table style=\"width: 595px;height: 669px\" border=\"1\" cellspacing=\"0\" cellpadding=\"0\">\n<tbody>\n<tr style=\"height: 23px\">\n<td style=\"height: 23px;width: 257.638px\" valign=\"top\"><span style=\"color: #000000\"><strong>INTERESNA DEJAVNOST<\/strong><\/span><\/td>\n<td style=\"height: 23px;width: 175.825px\" valign=\"top\"><span style=\"color: #000000\"><strong>MENTOR<\/strong><\/span><\/td>\n<td style=\"height: 23px;width: 155.137px\" valign=\"top\"><span style=\"color: #000000\"><strong>RAZRED<\/strong><\/span><\/td>\n<\/tr>\n<tr style=\"height: 23px\">\n<td style=\"height: 23px;width: 257.638px\" valign=\"top\"><strong><span style=\"color: #000000\">BRALNA ZNA\u010cKA<\/span><\/strong><\/td>\n<td style=\"height: 23px;width: 175.825px\" valign=\"top\"><span style=\"color: #000000\">Razredni\u010darke<\/span><\/td>\n<td style=\"height: 23px;width: 155.137px\" valign=\"top\"><span style=\"color: #000000\">1.\u20134. razreda<\/span><\/td>\n<\/tr>\n<tr style=\"height: 23px\">\n<td style=\"height: 23px;width: 257.638px\" valign=\"top\"><strong><span style=\"color: #000000\">BRALNA ZNA\u010cKA<\/span><\/strong><\/td>\n<td style=\"height: 23px;width: 175.825px\" valign=\"top\"><span style=\"color: #000000\">Andreja Toma\u017ei\u010d<\/span><\/p>\n<p><span style=\"color: #000000\">Maja \u0160pes<\/span><\/td>\n<td style=\"height: 23px;width: 155.137px\" valign=\"top\"><span style=\"color: #000000\">5.\u20137. razreda<\/span><\/p>\n<p><span style=\"color: #000000\">8. in 9. razred<\/span><\/td>\n<\/tr>\n<tr style=\"height: 23px\">\n<td style=\"height: 23px;width: 257.638px\" valign=\"top\"><strong><span style=\"color: #000000\">\u0160PORTNI KRO\u017dEK v okviru OPB<\/span><\/strong><\/td>\n<td style=\"height: 23px;width: 175.825px\" valign=\"top\"><span style=\"color: #000000\">Kristijan Ilijevec<\/span><\/td>\n<td style=\"height: 23px;width: 155.137px\" valign=\"top\"><span style=\"color: #000000\">1.\u20133. razreda<\/span><\/td>\n<\/tr>\n<tr style=\"height: 23px\">\n<td style=\"height: 23px;width: 257.638px\" valign=\"top\"><strong><span style=\"color: #000000\">GLEDALI\u0160KI KRO\u017dEK<\/span><\/strong><\/td>\n<td style=\"height: 23px;width: 175.825px\" valign=\"top\"><span style=\"color: #000000\">Andreja Toma\u017ei\u010d<\/span><\/p>\n<p><span style=\"color: #000000\">Maja \u0160pes<\/span><\/td>\n<td style=\"height: 23px;width: 155.137px\" valign=\"top\"><span style=\"color: #000000\">5.\u20139. razreda<\/span><\/td>\n<\/tr>\n<tr style=\"height: 47px\">\n<td style=\"height: 47px;width: 257.638px\" valign=\"top\"><strong><span style=\"color: #000000\">NOVINARSKI KRO\u017dEK \u2013 glasilo Jesenko<\/span><\/strong><\/td>\n<td style=\"height: 47px;width: 175.825px\" valign=\"top\"><span style=\"color: #000000\">Maja \u0160pes<br \/>\n<\/span><\/td>\n<td style=\"height: 47px;width: 155.137px\" valign=\"top\"><span style=\"color: #000000\">6.\u20139. razreda<\/span><\/td>\n<\/tr>\n<tr style=\"height: 23px\">\n<td style=\"height: 23px;width: 257.638px\" valign=\"top\"><span style=\"color: #000000\"><strong>RA\u010cUNALNI\u0160TVO IN ROBOTIKA<\/strong><\/span><\/td>\n<td style=\"height: 23px;width: 175.825px\" valign=\"top\"><span style=\"color: #000000\">Anita Cizerl<\/span><\/td>\n<td style=\"height: 23px;width: 155.137px\" valign=\"top\">4.<span style=\"color: #000000\">\u20136. razred<\/span><\/td>\n<\/tr>\n<tr style=\"height: 23px\">\n<td style=\"height: 23px;width: 257.638px\" valign=\"top\"><strong><span style=\"color: #000000\">NOGOMETNI KRO\u017dEK<\/span><\/strong><\/td>\n<td style=\"height: 23px;width: 175.825px\" valign=\"top\"><span style=\"color: #000000\">Igor Javernik v okviru OPB<\/span><\/td>\n<td style=\"height: 23px;width: 155.137px\" valign=\"top\"><span style=\"color: #000000\">1.\u20135. razreda<\/span><\/td>\n<\/tr>\n<tr style=\"height: 47px\">\n<td style=\"height: 47px;width: 257.638px\" valign=\"top\"><strong><span style=\"color: #000000\">LUTKOVNI KRO\u017dEK<\/span><\/strong><\/td>\n<td style=\"height: 47px;width: 175.825px\" valign=\"top\"><span style=\"color: #000000\">Alojzija Mu\u0161i\u010d, Barbara Poto\u010dnik Kolenc<\/span><\/td>\n<td style=\"height: 47px;width: 155.137px\" valign=\"top\"><span style=\"color: #000000\">6.\u20139. razreda<\/span><\/td>\n<\/tr>\n<tr style=\"height: 23px\">\n<td style=\"height: 23px;width: 257.638px\" valign=\"top\"><strong><span style=\"color: #000000\">TURISTI\u010cNI KRO\u017dEK<\/span><\/strong><\/td>\n<td style=\"height: 23px;width: 175.825px\" valign=\"top\"><span style=\"color: #000000\">Ur\u0161ka Smole<br \/>\n<\/span><\/td>\n<td style=\"height: 23px;width: 155.137px\" valign=\"top\"><span style=\"color: #000000\">6.\u20139. razreda<\/span><\/td>\n<\/tr>\n<tr style=\"height: 23px\">\n<td style=\"height: 23px;width: 257.638px\" valign=\"top\"><strong><span style=\"color: #000000\">\u0160OLSKI VRT<\/span><\/strong><\/td>\n<td style=\"height: 23px;width: 175.825px\" valign=\"top\"><span style=\"color: #000000\">Bogdana Drozg Oni\u010d<\/span><\/td>\n<td style=\"height: 23px;width: 155.137px\" valign=\"top\"><span style=\"color: #000000\">1.\u20139. razreda<\/span><\/td>\n<\/tr>\n<tr style=\"height: 23px\">\n<td style=\"height: 23px;width: 257.638px\" valign=\"top\"><strong><span style=\"color: #000000\">PRAVLJI\u010cNI KRO\u017dEK<\/span><\/strong><\/td>\n<td style=\"height: 23px;width: 175.825px\" valign=\"top\"><span style=\"color: #000000\">\u0160pela Zolar<\/span><\/td>\n<td style=\"height: 23px;width: 155.137px\" valign=\"top\"><span style=\"color: #000000\">1. in 2. razred<\/span><\/td>\n<\/tr>\n<tr style=\"height: 23px\">\n<td style=\"height: 23px;width: 257.638px\" valign=\"top\"><strong><span style=\"color: #000000\">PROMETNI KRO\u017dEK<\/span><\/strong><\/td>\n<td style=\"height: 23px;width: 175.825px\" valign=\"top\"><span style=\"color: #000000\">Igor Javernik<br \/>\n<\/span><\/td>\n<td style=\"height: 23px;width: 155.137px\" valign=\"top\"><span style=\"color: #000000\">6.\u20139. razreda<\/span><\/td>\n<\/tr>\n<tr style=\"height: 23px\">\n<td style=\"height: 23px;width: 257.638px\" valign=\"top\"><strong><span style=\"color: #000000\">RO\u010cNODELSKI KRO\u017dEK (med po\u010ditnicami)<\/span><\/strong><\/td>\n<td style=\"height: 23px;width: 175.825px\" valign=\"top\"><span style=\"color: #000000\">Ur\u0161ka Smole<\/span><\/td>\n<td style=\"height: 23px;width: 155.137px\" valign=\"top\"><span style=\"color: #000000\">1.\u20139. razreda<\/span><\/td>\n<\/tr>\n<tr style=\"height: 23px\">\n<td style=\"height: 23px;width: 257.638px\" valign=\"top\"><strong><span style=\"color: #000000\">PLESNI KRO\u017dEK<\/span><\/strong><\/td>\n<td style=\"height: 23px;width: 175.825px\" valign=\"top\"><span style=\"color: #000000\">Silva Kos<\/span><\/td>\n<td style=\"height: 23px;width: 155.137px\" valign=\"top\"><span style=\"color: #000000\">3.\u20135. razreda<\/span><\/td>\n<\/tr>\n<tr style=\"height: 23px\">\n<td style=\"height: 23px;width: 257.638px\" valign=\"top\"><strong><span style=\"color: #000000\">OTRO\u0160KI PEVSKI ZBOR<\/span><\/strong><\/td>\n<td style=\"height: 23px;width: 175.825px\" valign=\"top\"><span style=\"color: #000000\">Ur\u0161a Kri\u017eanec<\/span><\/td>\n<td style=\"height: 23px;width: 155.137px\" valign=\"top\"><span style=\"color: #000000\">1.\u20134. razreda<\/span><\/td>\n<\/tr>\n<tr style=\"height: 23px\">\n<td style=\"height: 23px;width: 257.638px\" valign=\"top\"><strong><span style=\"color: #000000\">MLADINSKI PEVSKI ZBOR<\/span><\/strong><\/td>\n<td style=\"height: 23px;width: 175.825px\" valign=\"top\"><span style=\"color: #000000\">Ur\u0161a Kri\u017eanec<\/span><\/td>\n<td style=\"height: 23px;width: 155.137px\" valign=\"top\"><span style=\"color: #000000\">5.\u20139. razreda<\/span><\/td>\n<\/tr>\n<tr style=\"height: 23px\">\n<td style=\"height: 23px;width: 257.638px\" valign=\"top\"><strong><span style=\"color: #000000\">VESELA \u0160OLA<\/span><\/strong><\/td>\n<td style=\"height: 23px;width: 175.825px\" valign=\"top\"><span style=\"color: #000000\">Dragica Kri\u017eaj<\/span><\/td>\n<td style=\"height: 23px;width: 155.137px\" valign=\"top\"><span style=\"color: #000000\">4.\u20139. razreda<\/span><\/td>\n<\/tr>\n<tr style=\"height: 23px\">\n<td style=\"height: 23px;width: 257.638px\" valign=\"top\"><strong><span style=\"color: #000000\">CICI VESELA \u0160OLA<\/span><\/strong><\/td>\n<td style=\"height: 23px;width: 175.825px\" valign=\"top\"><span style=\"color: #000000\">Silva Kos<\/span><\/td>\n<td style=\"height: 23px;width: 155.137px\" valign=\"top\"><span style=\"color: #000000\">1.\u20133. razreda<\/span><\/td>\n<\/tr>\n<tr style=\"height: 23px\">\n<td style=\"height: 23px;width: 257.638px\" valign=\"top\"><strong><span style=\"color: #000000\">SKUPNOST U\u010cENCEV&nbsp;<\/span><\/strong><\/td>\n<td style=\"height: 23px;width: 175.825px\" valign=\"top\"><span style=\"color: #000000\">\u0160pela Zolar<\/span><\/td>\n<td style=\"height: 23px;width: 155.137px\" valign=\"top\"><span style=\"color: #000000\">1.\u20139. razreda<\/span><\/td>\n<\/tr>\n<tr style=\"height: 23px\">\n<td style=\"width: 257.638px;height: 23px\"><strong><span style=\"color: #000000\">ANGLE\u0160KE URICE<\/span><\/strong><\/td>\n<td style=\"width: 175.825px;height: 23px\"><span style=\"color: #000000\">Dragica Kri\u017eaj<\/span><\/td>\n<td style=\"width: 155.137px;height: 23px\"><span style=\"color: #000000\">3.\u20135. razred<\/span><\/td>\n<\/tr>\n<tr style=\"height: 23px\">\n<td style=\"width: 257.638px;height: 23px\"><strong><span style=\"color: #000000\">\u0160OLSKI PARLAMENT<\/span><\/strong><\/td>\n<td style=\"width: 175.825px;height: 23px\"><span style=\"color: #000000\">Anita Cizerl<\/span><\/td>\n<td style=\"width: 155.137px;height: 23px\"><span style=\"color: #000000\">6.\u20139. razreda<\/span><\/td>\n<\/tr>\n<tr style=\"height: 23px\">\n<td style=\"width: 257.638px;height: 23px\"><strong><span style=\"color: #000000\">FOLKLORA 1<\/span><\/strong><\/td>\n<td style=\"width: 175.825px;height: 23px\"><span style=\"color: #000000\">\u0160pela Osrajnik<\/span><\/td>\n<td style=\"width: 155.137px;height: 23px\"><span style=\"color: #000000\">1.\u20133. razreda<\/span><\/td>\n<\/tr>\n<tr style=\"height: 23px\">\n<td style=\"width: 257.638px;height: 23px\"><strong><span style=\"color: #000000\">FOLKLORA 2<\/span><\/strong><\/td>\n<td style=\"width: 175.825px;height: 23px\"><span style=\"color: #000000\">Ur\u0161a Kri\u017eanec<\/span><\/td>\n<td style=\"width: 155.137px;height: 23px\"><span style=\"color: #000000\">4. in 5. razred<\/span><\/td>\n<\/tr>\n<tr style=\"height: 23px\">\n<td style=\"height: 23px;width: 257.638px\" valign=\"top\"><strong><span style=\"color: #000000\">\u0160OLSKI RADIO<\/span><\/strong><\/td>\n<td style=\"height: 23px;width: 175.825px\" valign=\"top\"><span style=\"color: #000000\">Barbara Poto\u010dnik Kolenc<\/span><\/td>\n<td style=\"height: 23px;width: 155.137px\" valign=\"top\"><span style=\"color: #000000\">7., 8.&nbsp; in 9. razred<\/span><\/td>\n<\/tr>\n<tr style=\"height: 23px\">\n<td style=\"height: 23px;width: 257.638px\" valign=\"top\">&nbsp;<\/td>\n<td style=\"height: 23px;width: 175.825px\" valign=\"top\">&nbsp;<\/td>\n<td style=\"height: 23px;width: 155.137px\" valign=\"top\">&nbsp;<\/td>\n<\/tr>\n<tr>\n<td style=\"width: 257.638px\"><span style=\"color: #000000\"><strong>&nbsp;<\/strong><\/span><\/td>\n<td style=\"width: 175.825px\"><span style=\"color: #000000\">&nbsp;<\/span><\/td>\n<td style=\"width: 155.137px\"><span style=\"color: #000000\">&nbsp;<\/span><\/td>\n<\/tr>\n<tr>\n<td style=\"width: 257.638px\"><strong><span style=\"color: #000000\">GASILSKI KRO\u017dEK<\/span><\/strong><\/td>\n<td style=\"width: 175.825px\"><span style=\"color: #000000\">PGD Tinje<\/span><\/td>\n<td style=\"width: 155.137px\"><span style=\"color: #000000\">1.\u20139. razreda<\/span><\/td>\n<\/tr>\n<tr>\n<td style=\"width: 257.638px\"><strong><span style=\"color: #000000\">JUDO<\/span><\/strong><\/td>\n<td style=\"width: 175.825px\"><span style=\"color: #000000\">JK IMPOL Slovenska Bistrica (pla\u010dljivo)<\/span><\/td>\n<td style=\"width: 155.137px\"><span style=\"color: #000000\">1.\u20134. razreda<\/span><\/td>\n<\/tr>\n<tr>\n<td style=\"width: 257.638px\"><strong><span style=\"color: #000000\">NOGOMET<\/span><\/strong><\/td>\n<td style=\"width: 175.825px\"><span style=\"color: #000000\">NK Slovenska Bistrica (pla\u010dljivo)<\/span><\/td>\n<td style=\"width: 155.137px\"><span style=\"color: #000000\">1.\u20133. razreda<\/span><\/td>\n<\/tr>\n<\/tbody>\n<\/table>\n<p><img decoding=\"async\" class=\"aligncenter\" src=\"https:\/\/os-novefuzine.si\/files\/2021\/10\/aktivnosti-ID-3-1.jpg\" alt=\"\u0160portne interesne dejavnosti za u\u010dence \u0161olsko leto 2021\/2022 | O\u0160 Nove Fu\u017eine\"><\/p>\n","protected":false},"excerpt":{"rendered":"<p>U\u010dencem ponujamo naslednje interesne dejavnosti:&nbsp; INTERESNA DEJAVNOST MENTOR RAZRED BRALNA ZNA\u010cKA Razredni\u010darke 1.\u20134. razreda BRALNA ZNA\u010cKA Andreja Toma\u017ei\u010d Maja \u0160pes 5.\u20137. razreda 8. in 9. razred \u0160PORTNI KRO\u017dEK v okviru OPB Kristijan Ilijevec 1.\u20133. razreda GLEDALI\u0160KI KRO\u017dEK Andreja Toma\u017ei\u010d Maja \u0160pes 5.\u20139. razreda NOVINARSKI KRO\u017dEK \u2013 glasilo Jesenko Maja \u0160pes 6.\u20139. razreda RA\u010cUNALNI\u0160TVO IN ROBOTIKA [&hellip;]<\/p>\n","protected":false},"author":2887,"featured_media":68,"parent":0,"menu_order":2,"comment_status":"open","ping_status":"open","template":"","meta":{"_et_pb_use_builder":"","_et_pb_old_content":"","_et_gb_content_width":"","ngg_post_thumbnail":0,"footnotes":""},"class_list":["post-69","page","type-page","status-publish","has-post-thumbnail","hentry"],"_links":{"self":[{"href":"https:\/\/os-tinjenova.splet.arnes.si\/index.php?rest_route=\/wp\/v2\/pages\/69","targetHints":{"allow":["GET"]}}],"collection":[{"href":"https:\/\/os-tinjenova.splet.arnes.si\/index.php?rest_route=\/wp\/v2\/pages"}],"about":[{"href":"https:\/\/os-tinjenova.splet.arnes.si\/index.php?rest_route=\/wp\/v2\/types\/page"}],"author":[{"embeddable":true,"href":"https:\/\/os-tinjenova.splet.arnes.si\/index.php?rest_route=\/wp\/v2\/users\/2887"}],"replies":[{"embeddable":true,"href":"https:\/\/os-tinjenova.splet.arnes.si\/index.php?rest_route=%2Fwp%2Fv2%2Fcomments&post=69"}],"version-history":[{"count":15,"href":"https:\/\/os-tinjenova.splet.arnes.si\/index.php?rest_route=\/wp\/v2\/pages\/69\/revisions"}],"predecessor-version":[{"id":8286,"href":"https:\/\/os-tinjenova.splet.arnes.si\/index.php?rest_route=\/wp\/v2\/pages\/69\/revisions\/8286"}],"wp:featuredmedia":[{"embeddable":true,"href":"https:\/\/os-tinjenova.splet.arnes.si\/index.php?rest_route=\/wp\/v2\/media\/68"}],"wp:attachment":[{"href":"https:\/\/os-tinjenova.splet.arnes.si\/index.php?rest_route=%2Fwp%2Fv2%2Fmedia&parent=69"}],"curies":[{"name":"wp","href":"https:\/\/api.w.org\/{rel}","templated":true}]}}