{"id":77,"date":"2012-09-13T20:23:31","date_gmt":"2012-09-13T19:23:31","guid":{"rendered":"http:\/\/os-tinje.splet.arnes.si\/2012\/09\/13\/skupnost-uencv\/"},"modified":"2025-09-10T09:27:59","modified_gmt":"2025-09-10T07:27:59","slug":"skupnost-uencv","status":"publish","type":"page","link":"https:\/\/os-tinjenova.splet.arnes.si\/?page_id=77","title":{"rendered":"SKUPNOST U\u010cENCEV"},"content":{"rendered":"<h3><span style=\"color: #000000\"><strong>Mentorica skupnosti u\u010dencev v \u0161olskem letu 2025\/2026 je Barbara Poto\u010dnik Kolenc.<\/strong><\/span><\/h3>\n<p><img decoding=\"async\" src=\"https:\/\/www.zpms.si\/wp-content\/uploads\/2025\/09\/543437979_1193476186141781_3102529144663749604_n-1024x450.jpg\"><\/p>\n<p>&nbsp;<\/p>\n<h3>Teden otroka\u00ae 2025&nbsp;bo potekal od 6. do 12. oktobra pod geslom Prijaznost ti bo krila dala \u2013 vedno reci prosim in hvala.<\/h3>\n<p data-start=\"171\" data-end=\"376\">Leto\u0161nji Teden otroka\u00ae&nbsp;nosi sporo\u010dilo:&nbsp;<em data-start=\"213\" data-end=\"274\">\u00bbPrijaznost ti bo krila dala \u2013 vedno reci prosim in hvala.\u00ab<\/em>&nbsp;In res je \u2013 prijaznost je kot nevidna krila, ki nas dvignejo nad vsakdan in nas pove\u017eejo med seboj.<\/p>\n<p data-start=\"378\" data-end=\"832\">Otroci se prijaznosti najla\u017eje u\u010dijo z zgledom odraslih. Ko star\u0161i, u\u010ditelji in vzgojitelji poka\u017eemo, da drobna dejanja \u0161tejejo, jih tudi najmlaj\u0161i z veseljem posnemajo. Ko otroci in odrasli drug drugemu namenimo nasmeh, drobno pomo\u010d ali prijazno besedo, gradimo svet, kjer se vsakdo po\u010duti sprejetega in spo\u0161tovanega. Tisti preprosti \u00bbprosim\u00ab in iskren \u00bbhvala\u00ab nista le besedi \u2013 sta ogledalo na\u0161e hvale\u017enosti in zavedanja, da drug drugega potrebujemo.<\/p>\n<p data-start=\"1083\" data-end=\"1351\"><a href=\"https:\/\/www.zpms.si\/2025\/09\/08\/posvet-ob-tednu-otroka-2025\/\"><strong data-start=\"1083\" data-end=\"1097\">6. oktobra<\/strong>&nbsp;bomo&nbsp;Teden otroka\u00ae&nbsp;za\u010deli s Posvetom,<\/a>&nbsp;na katerem bodo svoje poglede delili zanimivi sogovorniki. Skupaj bomo razmi\u0161ljali, kako lahko prijaznost \u0161e bolj vtkemo v na\u0161e vsakodnevno \u017eivljenje \u2013 doma, v \u0161oli, na ulici, povsod, kjer \u017eivimo in ustvarjamo.<\/p>\n<p data-start=\"1353\" data-end=\"1506\">Leto\u0161nji &nbsp;Teden otroka\u00ae bo prilo\u017enost, da drug drugemu podarimo ve\u010d prijaznosti in s tem gradimo svet, kjer je vsak dan lep\u0161i \u2013 za otroke in odrasle.<\/p>\n<p>&nbsp;<\/p>\n<p><img decoding=\"async\" class=\"aligncenter\" src=\"https:\/\/www.zpms.si\/wp-content\/uploads\/2025\/01\/TO_logo_final-200x150.jpg\" alt=\"TO_logo_final\"><\/p>\n<p style=\"text-align: justify\"><span style=\"color: #000000\"><span style=\"font-size: 12pt\"><strong>&nbsp;<\/strong><\/span><\/span><\/p>\n","protected":false},"excerpt":{"rendered":"<p>Mentorica skupnosti u\u010dencev v \u0161olskem letu 2025\/2026 je Barbara Poto\u010dnik Kolenc. &nbsp; Teden otroka\u00ae 2025&nbsp;bo potekal od 6. do 12. oktobra pod geslom Prijaznost ti bo krila dala \u2013 vedno reci prosim in hvala. Leto\u0161nji Teden otroka\u00ae&nbsp;nosi sporo\u010dilo:&nbsp;\u00bbPrijaznost ti bo krila dala \u2013 vedno reci prosim in hvala.\u00ab&nbsp;In res je \u2013 prijaznost je kot nevidna [&hellip;]<\/p>\n","protected":false},"author":2887,"featured_media":0,"parent":0,"menu_order":2,"comment_status":"closed","ping_status":"open","template":"","meta":{"_et_pb_use_builder":"","_et_pb_old_content":"","_et_gb_content_width":"","ngg_post_thumbnail":0,"footnotes":""},"class_list":["post-77","page","type-page","status-publish","hentry"],"_links":{"self":[{"href":"https:\/\/os-tinjenova.splet.arnes.si\/index.php?rest_route=\/wp\/v2\/pages\/77","targetHints":{"allow":["GET"]}}],"collection":[{"href":"https:\/\/os-tinjenova.splet.arnes.si\/index.php?rest_route=\/wp\/v2\/pages"}],"about":[{"href":"https:\/\/os-tinjenova.splet.arnes.si\/index.php?rest_route=\/wp\/v2\/types\/page"}],"author":[{"embeddable":true,"href":"https:\/\/os-tinjenova.splet.arnes.si\/index.php?rest_route=\/wp\/v2\/users\/2887"}],"replies":[{"embeddable":true,"href":"https:\/\/os-tinjenova.splet.arnes.si\/index.php?rest_route=%2Fwp%2Fv2%2Fcomments&post=77"}],"version-history":[{"count":15,"href":"https:\/\/os-tinjenova.splet.arnes.si\/index.php?rest_route=\/wp\/v2\/pages\/77\/revisions"}],"predecessor-version":[{"id":8939,"href":"https:\/\/os-tinjenova.splet.arnes.si\/index.php?rest_route=\/wp\/v2\/pages\/77\/revisions\/8939"}],"wp:attachment":[{"href":"https:\/\/os-tinjenova.splet.arnes.si\/index.php?rest_route=%2Fwp%2Fv2%2Fmedia&parent=77"}],"curies":[{"name":"wp","href":"https:\/\/api.w.org\/{rel}","templated":true}]}}