{"id":79,"date":"2013-12-31T22:00:00","date_gmt":"2013-12-31T21:00:00","guid":{"rendered":"http:\/\/os-tinje.splet.arnes.si\/2013\/12\/31\/vozni-red\/"},"modified":"2024-09-24T21:27:19","modified_gmt":"2024-09-24T19:27:19","slug":"vozni-red","status":"publish","type":"page","link":"https:\/\/os-tinjenova.splet.arnes.si\/?page_id=79","title":{"rendered":"VOZNI RED"},"content":{"rendered":"<p><span style=\"font-size: 12pt\"><span style=\"color: #000000\"><strong><img loading=\"lazy\" decoding=\"async\" class=\" size-full wp-image-78\" src=\"http:\/\/os-tinjenova.splet.arnes.si\/files\/2013\/12\/bus.jpg\" alt=\"bus\" width=\"183\" height=\"136\" srcset=\"https:\/\/os-tinjenova.splet.arnes.si\/files\/2013\/12\/bus.jpg 400w, https:\/\/os-tinjenova.splet.arnes.si\/files\/2013\/12\/bus-300x225.jpg 300w\" sizes=\"(max-width: 183px) 100vw, 183px\" \/><span style=\"color: #ff0000\">VOZNI RED AVTOBUSOV<\/span><\/strong><\/span><\/span><span style=\"color: #ff0000\"><strong>&nbsp; &nbsp; &nbsp; &nbsp; &nbsp; &nbsp; &nbsp; &nbsp; &nbsp; &nbsp; &nbsp; &nbsp; &nbsp; &nbsp; &nbsp; &nbsp; &nbsp; &nbsp; &nbsp; &nbsp; <\/strong><\/span><\/p>\n<p style=\"text-align: left\"><span style=\"color: #000000\"><strong>PRIHODI V \u0160OLO <\/strong>(AVTOBUSI PRIPELJEJO DO \u0160OLE)<\/span><\/p>\n<table style=\"height: 160px\" border=\"1\" cellspacing=\"0\" cellpadding=\"0\">\n<tbody>\n<tr style=\"height: 20px\">\n<td style=\"height: 20px\" valign=\"top\" width=\"47%\"><strong>RELACIJA<\/strong><\/td>\n<td style=\"height: 20px\" valign=\"top\" width=\"31%\"><strong>ODHOD IZ ZA\u010c. POSTAJE<\/strong><\/td>\n<td style=\"height: 20px\" valign=\"top\" width=\"20%\"><strong>PRIHOD V \u0160OLO<\/strong><\/td>\n<\/tr>\n<tr style=\"height: 20px\">\n<td style=\"height: 20px\" valign=\"top\" width=\"47%\">Slov. Bistrica\u2013Visole\u2013Tinje<\/td>\n<td style=\"height: 20px\" valign=\"top\" width=\"31%\">6.35<\/td>\n<td style=\"height: 20px\" valign=\"top\" width=\"20%\">7.00<\/td>\n<\/tr>\n<tr style=\"height: 20px\">\n<td style=\"height: 20px\" valign=\"top\" width=\"47%\">Zg. Visole\u2013Tinje<\/td>\n<td style=\"height: 20px\" valign=\"top\" width=\"31%\">6.40 \u2013 poseben kombi<\/td>\n<td style=\"height: 20px\" valign=\"top\" width=\"20%\">6.45<\/td>\n<\/tr>\n<tr style=\"height: 20px\">\n<td style=\"height: 20px\" valign=\"top\" width=\"47%\">Juri\u0161na vas\u2013Turi\u0161ka vas\u2013Tinje<\/td>\n<td style=\"height: 20px\" valign=\"top\" width=\"31%\">6.55<\/td>\n<td style=\"height: 20px\" valign=\"top\" width=\"20%\">7.00<\/td>\n<\/tr>\n<tr style=\"height: 20px\">\n<td style=\"height: 20px\" valign=\"top\" width=\"47%\">Tinje\u2013Radkovec\u2013Fo\u0161t\u2013Tinjska gora\u2013Tinje<\/td>\n<td style=\"height: 20px\" valign=\"top\" width=\"31%\">7.05<\/td>\n<td style=\"height: 20px\" valign=\"top\" width=\"20%\">7.30<\/td>\n<\/tr>\n<tr style=\"height: 20px\">\n<td style=\"height: 20px\" valign=\"top\" width=\"47%\">Malo Tinje\u2013Tinje<\/td>\n<td style=\"height: 20px\" valign=\"top\" width=\"31%\">7.35<\/td>\n<td style=\"height: 20px\" valign=\"top\" width=\"20%\">7.40<\/td>\n<\/tr>\n<tr style=\"height: 20px\">\n<td style=\"height: 20px\" valign=\"top\" width=\"47%\">Planina pod \u0160umikom 5\u2013Tinje<\/td>\n<td style=\"height: 20px\" valign=\"top\" width=\"31%\">7.15<\/td>\n<td style=\"height: 20px\" valign=\"top\" width=\"20%\">7.30<\/td>\n<\/tr>\n<tr style=\"height: 20px\">\n<td style=\"height: 20px\" valign=\"top\" width=\"47%\">Urh\u2013Tinje<\/td>\n<td style=\"height: 20px\" valign=\"top\" width=\"31%\">6.50 kombi<\/td>\n<td style=\"height: 20px\" valign=\"top\" width=\"20%\">7.00<\/td>\n<\/tr>\n<\/tbody>\n<\/table>\n<p style=\"text-align: left\"><span style=\"color: #000000\"><strong>ODHODI IZ \u0160OLE <\/strong>(VSI ODHODI AVTOBUSOV SO IZPRED \u0160OLE)<\/span><\/p>\n<div style=\"text-align: left\">&nbsp;<\/div>\n<table border=\"1\" cellspacing=\"0\" cellpadding=\"0\">\n<tbody>\n<tr>\n<td valign=\"top\" width=\"58%\"><strong>RELACIJA<\/strong><\/td>\n<td valign=\"top\" width=\"41%\"><strong>ODHOD IZPRED \u0160OLE<\/strong><\/td>\n<\/tr>\n<tr>\n<td valign=\"top\" width=\"58%\">Tinje (\u0161ola)\u2013Visole\u2013Slov. Bistrica<\/td>\n<td valign=\"top\" width=\"41%\">13.15 in 15.00<\/td>\n<\/tr>\n<tr>\n<td valign=\"top\" width=\"58%\">Tinje (\u0161ola)\u2013Turi\u0161ka vas\u2013Juri\u0161na vas<\/td>\n<td valign=\"top\" width=\"41%\">14.20<\/td>\n<\/tr>\n<tr>\n<td valign=\"top\" width=\"58%\">Tinje (\u0161ola)\u2013Malo Tinje\u2013Tinjska Gora<\/td>\n<td valign=\"top\" width=\"41%\">14.35<\/td>\n<\/tr>\n<tr>\n<td valign=\"top\" width=\"58%\">Tinje (\u0161ola)\u2013Urh<span style=\"color: #000000\">\u2013<\/span>Planina<\/td>\n<td valign=\"top\" width=\"41%\">12.45 in 14.00 (redni liniji)<\/td>\n<\/tr>\n<tr>\n<td>Tinje\u2013Planina pod \u0160umikom 5<\/td>\n<td>14.05<\/td>\n<\/tr>\n<\/tbody>\n<\/table>\n<p>&nbsp;<\/p>\n","protected":false},"excerpt":{"rendered":"<p>VOZNI RED AVTOBUSOV&nbsp; &nbsp; &nbsp; &nbsp; &nbsp; &nbsp; &nbsp; &nbsp; &nbsp; &nbsp; &nbsp; &nbsp; &nbsp; &nbsp; &nbsp; &nbsp; &nbsp; &nbsp; &nbsp; &nbsp; PRIHODI V \u0160OLO (AVTOBUSI PRIPELJEJO DO \u0160OLE) RELACIJA ODHOD IZ ZA\u010c. POSTAJE PRIHOD V \u0160OLO Slov. Bistrica\u2013Visole\u2013Tinje 6.35 7.00 Zg. Visole\u2013Tinje 6.40 \u2013 poseben kombi 6.45 Juri\u0161na vas\u2013Turi\u0161ka vas\u2013Tinje 6.55 7.00 Tinje\u2013Radkovec\u2013Fo\u0161t\u2013Tinjska gora\u2013Tinje [&hellip;]<\/p>\n","protected":false},"author":2887,"featured_media":78,"parent":0,"menu_order":2,"comment_status":"closed","ping_status":"open","template":"","meta":{"_et_pb_use_builder":"","_et_pb_old_content":"","_et_gb_content_width":"","ngg_post_thumbnail":0,"footnotes":""},"class_list":["post-79","page","type-page","status-publish","has-post-thumbnail","hentry"],"_links":{"self":[{"href":"https:\/\/os-tinjenova.splet.arnes.si\/index.php?rest_route=\/wp\/v2\/pages\/79","targetHints":{"allow":["GET"]}}],"collection":[{"href":"https:\/\/os-tinjenova.splet.arnes.si\/index.php?rest_route=\/wp\/v2\/pages"}],"about":[{"href":"https:\/\/os-tinjenova.splet.arnes.si\/index.php?rest_route=\/wp\/v2\/types\/page"}],"author":[{"embeddable":true,"href":"https:\/\/os-tinjenova.splet.arnes.si\/index.php?rest_route=\/wp\/v2\/users\/2887"}],"replies":[{"embeddable":true,"href":"https:\/\/os-tinjenova.splet.arnes.si\/index.php?rest_route=%2Fwp%2Fv2%2Fcomments&post=79"}],"version-history":[{"count":7,"href":"https:\/\/os-tinjenova.splet.arnes.si\/index.php?rest_route=\/wp\/v2\/pages\/79\/revisions"}],"predecessor-version":[{"id":8241,"href":"https:\/\/os-tinjenova.splet.arnes.si\/index.php?rest_route=\/wp\/v2\/pages\/79\/revisions\/8241"}],"wp:featuredmedia":[{"embeddable":true,"href":"https:\/\/os-tinjenova.splet.arnes.si\/index.php?rest_route=\/wp\/v2\/media\/78"}],"wp:attachment":[{"href":"https:\/\/os-tinjenova.splet.arnes.si\/index.php?rest_route=%2Fwp%2Fv2%2Fmedia&parent=79"}],"curies":[{"name":"wp","href":"https:\/\/api.w.org\/{rel}","templated":true}]}}