{"id":80,"date":"2012-09-13T21:26:06","date_gmt":"2012-09-13T20:26:06","guid":{"rendered":"http:\/\/os-tinje.splet.arnes.si\/2012\/09\/13\/vizitka\/"},"modified":"2024-09-25T21:54:52","modified_gmt":"2024-09-25T19:54:52","slug":"vizitka","status":"publish","type":"page","link":"https:\/\/os-tinjenova.splet.arnes.si\/?page_id=80","title":{"rendered":"VIZITKA"},"content":{"rendered":"<h5><span style=\"color: #000000\"><strong>IME:<\/strong> Osnovna \u0161ola Partizanska bolni\u0161nica Jesen Tinje<\/span><br \/>\n<span style=\"color: #000000\"><strong> SEDE\u017d:<\/strong> Veliko Tinje 29, 2316 Zgornja Lo\u017enica<\/span><\/h5>\n<h5><span style=\"color: #000000\"><a href=\"http:\/\/os-tinjenova.splet.arnes.si\/files\/2018\/09\/Brez-naslova-2.png\"><img loading=\"lazy\" decoding=\"async\" class=\" wp-image-2689 alignright\" src=\"http:\/\/os-tinjenova.splet.arnes.si\/files\/2018\/09\/Brez-naslova-2-252x300.png\" alt=\"\" width=\"326\" height=\"388\" srcset=\"https:\/\/os-tinjenova.splet.arnes.si\/files\/2018\/09\/Brez-naslova-2-252x300.png 252w, https:\/\/os-tinjenova.splet.arnes.si\/files\/2018\/09\/Brez-naslova-2.png 392w\" sizes=\"(max-width: 326px) 100vw, 326px\" \/><\/a><\/span><\/h5>\n<h5><span style=\"color: #000000\"><strong>TELEFON:<\/strong><a href=\"http:\/\/os-tinjenova.splet.arnes.si\/files\/2020\/08\/telefon\u010dek.png\"><img loading=\"lazy\" decoding=\"async\" class=\"wp-image-5555 alignleft\" src=\"http:\/\/os-tinjenova.splet.arnes.si\/files\/2020\/08\/telefon\u010dek.png\" alt=\"\" width=\"36\" height=\"36\"><\/a><\/span><\/h5>\n<h5><strong><span style=\"color: #000000\">02 843 14 87 \u2013 tajni\u0161tvo<\/span><\/strong><\/h5>\n<h5><span style=\"color: #000000\">02 843 14 76 \u2013 zbornica<\/span><\/h5>\n<h5><span style=\"color: #000000\">02 843 14 86&nbsp; ali 041 466 532 \u2013 ravnateljica<\/span><\/h5>\n<h5><span style=\"color: #000000\">02 805 14 90 \u2013 ra\u010dunovodstvo<\/span><\/h5>\n<h5><span style=\"color: #000000\">02 805 14 91 \u2013 pedagoginja<\/span><\/h5>\n<h5><span style=\"color: #000000\">02 805 14 93 \u2013 kuhinja<\/span><\/h5>\n<h5><span style=\"color: #000000\">02 8431477 \u2013 fax<\/span><\/h5>\n<h2><span style=\"color: #000000\"><strong>E\u2013MAIL:<\/strong><\/span><\/h2>\n<p><span style=\"color: #000000\">tajni\u0161tvo:&nbsp; <a style=\"color: #000000\" href=\"&#109;&#x61;&#105;&#x6c;&#116;&#x6f;:&#x6f;-&#x70;a&#98;&#x6f;&#106;&#x65;&#116;&#x69;&#46;&#x6d;b&#x40;g&#x75;e&#115;&#x74;&#46;&#x61;&#114;&#x6e;&#101;&#x73;&#46;&#x73;i\">o-&#112;&#97;&#x62;&#x6f;&#x6a;&#x65;ti&#46;&#109;&#x62;&#x40;&#x67;&#x75;es&#116;&#46;&#97;&#x72;&#x6e;&#x65;&#x73;&#46;s&#105;<br \/>\nravnateljica<\/a>: &#97;&#x6c;&#111;&#x6a;z&#x69;j&#97;&#x2e;&#109;&#x75;s&#x69;c&#64;&#x67;&#117;&#x65;s&#x74;&#46;&#97;&#x72;&#110;&#x65;s&#x2e;s&#105; <\/span><\/p>\n<table style=\"width: 599px;height: 452px\">\n<tbody>\n<tr style=\"height: 23px\">\n<td style=\"width: 25px;height: 23px\"><strong>&nbsp;<\/strong><\/td>\n<td style=\"width: 162.056px;height: 23px\"><strong>IME IN PRIIMEK<\/strong><\/td>\n<td style=\"width: 123.042px;height: 23px\"><strong>RAZREDNIK<\/strong><\/td>\n<td style=\"width: 263.125px;height: 23px\"><strong>&nbsp;e naslov<\/strong><\/td>\n<\/tr>\n<tr style=\"height: 23px\">\n<td style=\"width: 25px;height: 23px\"><strong>1.<\/strong><\/td>\n<td style=\"width: 162.056px;height: 23px\"><strong>\u0160pela Osrajnik<\/strong><\/td>\n<td style=\"width: 123.042px;height: 23px\"><strong>1. a<\/strong><\/td>\n<td style=\"width: 263.125px;height: 23px\">&#115;&#x70;e&#108;&#x61;&#46;&#111;&#x73;r&#97;&#x6a;n&#105;&#x6b;&#64;&#111;&#x73;-&#116;&#x69;n&#106;&#x65;&#46;&#115;&#x69;<\/td>\n<\/tr>\n<tr style=\"height: 23px\">\n<td style=\"width: 25px;height: 23px\"><strong>2.<\/strong><\/td>\n<td style=\"width: 162.056px;height: 23px\"><strong>\u0160pela Zolar<\/strong><\/td>\n<td style=\"width: 123.042px;height: 23px\"><strong>2. a<\/strong><\/td>\n<td style=\"width: 263.125px;height: 23px\">&#x73;&#112;e&#x6c;&#97;&#46;&#x7a;&#111;l&#x61;&#x72;&#64;&#x6f;&#x73;&#45;t&#x69;&#110;j&#x65;&#46;s&#x69;<\/td>\n<\/tr>\n<tr style=\"height: 23px\">\n<td style=\"width: 25px;height: 23px\"><strong>3.<\/strong><\/td>\n<td style=\"width: 162.056px;height: 23px\"><strong>Silva Kos<\/strong><\/td>\n<td style=\"width: 123.042px;height: 23px\"><strong>3. a<\/strong><\/td>\n<td style=\"width: 263.125px;height: 23px\">s&#105;&#x6c;&#x76;a&#46;&#107;&#x6f;&#x73;&#64;&#111;&#115;&#x2d;&#x74;i&#110;&#x6a;&#x65;&#x2e;s&#105;<\/td>\n<\/tr>\n<tr style=\"height: 23px\">\n<td style=\"width: 25px;height: 23px\"><strong>4.<\/strong><\/td>\n<td style=\"width: 162.056px;height: 23px\"><strong>Marta Potr\u010d<\/strong><\/td>\n<td style=\"width: 123.042px;height: 23px\"><strong>4. a<\/strong><\/td>\n<td style=\"width: 263.125px;height: 23px\">mart&#97;&#46;&#112;&#111;&#116;&#x72;&#x63;&#x40;&#x6f;&#x73;&#x2d;&#x74;inje&#46;&#115;&#105;<\/td>\n<\/tr>\n<tr style=\"height: 23px\">\n<td style=\"width: 25px;height: 23px\"><strong>5.<\/strong><\/td>\n<td style=\"width: 162.056px;height: 23px\"><strong>Andreja Toma\u017ei\u010d<\/strong><\/td>\n<td style=\"width: 123.042px;height: 23px\"><strong>5. a<\/strong><\/td>\n<td style=\"width: 263.125px;height: 23px\">&#x61;&#110;&#100;r&#x65;&#x6a;&#97;&#46;&#x74;&#x6f;&#109;az&#x69;&#99;&#64;o&#x73;&#x2d;&#116;i&#x6e;&#x6a;&#101;&#46;s&#x69;<\/td>\n<\/tr>\n<tr style=\"height: 23px\">\n<td style=\"width: 25px;height: 23px\"><strong>6.<\/strong><\/td>\n<td style=\"width: 162.056px;height: 23px\"><strong>Bogdana Drozg Oni\u010d<\/strong><\/td>\n<td style=\"width: 123.042px;height: 23px\"><strong>6. a<\/strong><\/td>\n<td style=\"width: 263.125px;height: 23px\">bog&#100;&#97;&#110;&#97;&#x2e;&#x64;&#x72;&#x6f;&#x7a;&#x67;&#x2d;oni&#99;&#64;&#111;&#115;&#45;&#x74;&#x69;&#x6e;&#x6a;&#x65;&#x2e;si<\/td>\n<\/tr>\n<tr style=\"height: 47px\">\n<td style=\"width: 25px;height: 31px\"><strong>7. <\/strong><\/td>\n<td style=\"width: 162.056px;height: 31px\"><strong>Maja \u0160pes<\/strong><\/td>\n<td style=\"width: 123.042px;height: 31px\"><strong>7. a<\/strong><\/td>\n<td style=\"width: 263.125px;height: 31px\">&#109;&#x61;&#x6a;a&#46;&#x73;p&#101;&#x73;&#64;&#111;&#x73;-&#116;&#x69;&#x6e;&#106;&#x65;&#x2e;s&#105;<\/td>\n<\/tr>\n<tr style=\"height: 23px\">\n<td style=\"width: 25px;height: 23px\"><strong>8. <\/strong><\/td>\n<td style=\"width: 162.056px;height: 23px\"><strong>Dragica Kri\u017eaj<\/strong><\/td>\n<td style=\"width: 123.042px;height: 23px\"><strong>8. a<\/strong><\/td>\n<td style=\"width: 263.125px;height: 23px\">&#100;&#x72;a&#103;&#x69;c&#97;&#x2e;k&#114;&#x69;z&#97;&#x6a;&#64;&#111;&#x73;-&#116;&#x69;n&#106;&#x65;&#46;&#115;&#x69;<\/td>\n<\/tr>\n<tr style=\"height: 23px\">\n<td style=\"width: 25px;height: 23px\"><strong>9.<\/strong><\/td>\n<td style=\"width: 162.056px;height: 23px\"><strong>Anita Cizerl<\/strong><\/td>\n<td style=\"width: 123.042px;height: 23px\"><strong>9. a<\/strong><\/td>\n<td style=\"width: 263.125px;height: 23px\">&#x61;&#110;&#105;&#x74;&#x61;&#46;&#99;&#x69;&#x7a;&#101;&#114;&#x6c;&#x40;&#111;&#115;&#x2d;&#x74;&#105;&#110;&#x6a;&#x65;&#46;&#115;&#x69;<\/td>\n<\/tr>\n<tr style=\"height: 23px\">\n<td style=\"width: 25px;height: 23px\"><strong>10.<\/strong><\/td>\n<td style=\"width: 162.056px;height: 23px\"><strong>Kristijan Ilijevec<\/strong><\/td>\n<td style=\"width: 123.042px;height: 23px\"><strong>\/<\/strong><\/td>\n<td style=\"width: 263.125px;height: 23px\">&#107;r&#x69;s&#x74;&#105;&#x6a;&#97;&#x6e;&#46;i&#x6c;i&#x6a;&#101;&#x76;&#101;&#x63;&#64;&#x6f;&#115;-&#x74;i&#x6e;&#106;&#x65;&#46;&#x73;&#105;<\/td>\n<\/tr>\n<tr style=\"height: 25px\">\n<td style=\"width: 25px;height: 25px\"><strong>11.<\/strong><\/td>\n<td style=\"width: 162.056px;height: 25px\"><strong>Ur\u0161a Kri\u017eanec<\/strong><\/td>\n<td style=\"width: 123.042px;height: 25px\"><strong>\/<\/strong><\/td>\n<td style=\"width: 263.125px;height: 25px\">u&#114;&#x73;&#x61;&#46;&#107;&#x72;&#x69;z&#97;&#x6e;&#x65;c&#64;&#x6f;&#x73;-&#116;&#x69;&#x6e;j&#101;&#46;&#x73;&#x69;<\/td>\n<\/tr>\n<tr style=\"height: 27px\">\n<td style=\"width: 25px;height: 27px\"><strong>12.<\/strong><\/td>\n<td style=\"width: 162.056px;height: 27px\"><strong>Rok Dragi\u0107<\/strong><\/td>\n<td style=\"width: 123.042px;height: 27px\"><strong>\/<\/strong><\/td>\n<td style=\"width: 263.125px;height: 27px\">&#x72;&#x6f;&#107;&#46;&#x64;&#x72;&#97;gi&#x63;&#x40;&#111;s&#x2d;&#x74;&#105;&#110;j&#x65;&#x2e;&#115;i<\/td>\n<\/tr>\n<tr style=\"height: 23px\">\n<td style=\"width: 25px;height: 23px\"><strong>13.<\/strong><\/td>\n<td style=\"width: 162.056px;height: 23px\"><strong>Igor Javernik<\/strong><\/td>\n<td style=\"width: 123.042px;height: 23px\"><strong>\/<\/strong><\/td>\n<td style=\"width: 263.125px;height: 23px\">ig&#111;&#114;&#46;&#106;&#x61;&#x76;&#x65;&#x72;&#x6e;ik&#64;&#111;&#115;&#45;&#x74;&#x69;&#x6e;&#x6a;&#x65;&#46;s&#105;<\/td>\n<\/tr>\n<tr style=\"height: 23px\">\n<td style=\"width: 25px;height: 23px\"><strong>14.<\/strong><\/td>\n<td style=\"width: 162.056px;height: 23px\"><strong>Ur\u0161ka Smole<\/strong><\/td>\n<td style=\"width: 123.042px;height: 23px\"><strong>\/<\/strong><\/td>\n<td style=\"width: 263.125px;height: 23px\">&#x75;&#x72;&#115;k&#x61;&#x2e;&#115;mo&#x6c;&#x65;&#64;o&#x73;&#x2d;&#116;&#105;n&#x6a;&#x65;&#46;s&#x69;<\/td>\n<\/tr>\n<tr style=\"height: 23px\">\n<td style=\"width: 25px;height: 23px\"><strong>15.<\/strong><\/td>\n<td style=\"width: 162.056px;height: 23px\"><strong>Stanka Sku\u0161ek Mikoli\u010d<\/strong><\/td>\n<td style=\"width: 123.042px;height: 23px\"><strong>\/<\/strong><\/td>\n<td style=\"width: 263.125px;height: 23px\">&#x73;&#x74;&#x61;&#110;&#107;a&#46;&#x73;&#x6b;&#x75;&#115;&#101;k&#64;&#x6f;&#x73;&#x2d;&#116;&#105;nj&#x65;&#x2e;&#x73;&#105;<\/td>\n<\/tr>\n<tr style=\"height: 47px\">\n<td style=\"width: 25px;height: 47px\"><strong>16.<\/strong><\/td>\n<td style=\"width: 162.056px;height: 47px\"><strong>Barbara Poto\u010dnik Kolenc<\/strong><\/td>\n<td style=\"width: 123.042px;height: 47px\"><strong>\/<\/strong><\/td>\n<td style=\"width: 263.125px;height: 47px\">&#x62;&#x61;&#x72;&#x62;&#x61;&#114;&#97;&#46;&#112;oto&#x63;&#x6e;&#x69;&#x6b;&#x2d;&#x6b;&#111;&#108;&#101;nc&#64;&#x6f;&#x73;&#x2d;&#x74;&#x69;&#x6e;&#106;&#101;&#46;&#115;i<\/td>\n<\/tr>\n<tr style=\"height: 23px\">\n<td style=\"width: 25px;height: 23px\">&nbsp;<\/td>\n<td style=\"width: 162.056px;height: 23px\">&nbsp;<\/td>\n<td style=\"width: 123.042px;height: 23px\">&nbsp;<\/td>\n<td style=\"width: 263.125px;height: 23px\">&nbsp;<\/td>\n<\/tr>\n<\/tbody>\n<\/table>\n<p><span style=\"color: #000000\"><strong>SPLETNA STRAN:<\/strong> http:\/\/www.os-tinje.si<\/span><\/p>\n<h4><span style=\"color: #000000\">\u0160T. TRANSAKCIJSKEGA RA\u010cUNA: 01313-6030680677<\/span><\/h4>\n<h4><span style=\"color: #000000\"> DAV\u010cNA \u0160TEVILKA: SI29406285<\/span><\/h4>\n<h4><span style=\"color: #000000\"> USTANOVITELJ: Ob\u010dina Slovenska Bistrica<\/span><\/h4>\n<h2><span style=\"color: #000000\"><strong> \u0160TEVILO OTROK \u2013 \u0160OLSKO LETO 2024\/2025: 93<\/strong><br \/>\n<\/span><\/h2>\n<p><img decoding=\"async\" src=\"https:\/\/solazirovnica.splet.arnes.si\/files\/2017\/03\/za-starse.jpg\" alt=\"U\u010denci za star\u0161e | \u0160ola \u017dirovnica\"><\/p>\n<ul>\n<li><span style=\"color: #000000\"><strong>POOBLA\u0160\u010cENA OSEBA ZA VARSTVO OSEBNIH PODATKOV (DUTB)<\/strong><\/span><br \/>\n<span style=\"color: #000000\"><strong>Katja Tretjak, univ. dipl. prav.<\/strong><\/span><br \/>\n<span style=\"color: #000000\"><strong>&#x6b;&#x61;&#x74;&#x6a;&#x61;&#64;&#99;&#122;&#112;p&#46;s&#x69;<\/strong><\/span><br \/>\n<span style=\"color: #000000\"><strong>059 340 912<\/strong><\/span><\/li>\n<li><span style=\"color: #000000\"><strong><a style=\"color: #000000\" href=\"https:\/\/os-tinjenova.splet.arnes.si\/files\/2023\/02\/INFORMACIJE-O-OBDELAVI-OSEBNIH-PODATKOV.pdf\">INFORMACIJE O OBDELAVI OSEBNIH PODATKOV<\/a> 2023<\/strong><\/span><\/li>\n<li><span style=\"color: #000000\"><strong><a style=\"color: #000000\" href=\"https:\/\/os-tinjenova.splet.arnes.si\/files\/2021\/09\/ZAHTEVA-ZA-IZBRIS-OZ.-PRAVICA-DO-POZABE.pdf\">ZAHTEVA ZA IZBRIS OZ. PRAVICA DO POZABE<\/a> <\/strong><\/span><\/li>\n<li><span style=\"color: #000000\"><strong><a style=\"color: #000000\" href=\"https:\/\/os-tinjenova.splet.arnes.si\/files\/2021\/09\/ZAHTEVA-ZA-POPRAVO-PODATKOV.pdf\">ZAHTEVA ZA POPRAVO PODATKOV<\/a><\/strong><\/span><\/li>\n<\/ul>\n","protected":false},"excerpt":{"rendered":"<p>IME: Osnovna \u0161ola Partizanska bolni\u0161nica Jesen Tinje SEDE\u017d: Veliko Tinje 29, 2316 Zgornja Lo\u017enica TELEFON: 02 843 14 87 \u2013 tajni\u0161tvo 02 843 14 76 \u2013 zbornica 02 843 14 86&nbsp; ali 041 466 532 \u2013 ravnateljica 02 805 14 90 \u2013 ra\u010dunovodstvo 02 805 14 91 \u2013 pedagoginja 02 805 14 93 \u2013 kuhinja [&hellip;]<\/p>\n","protected":false},"author":2887,"featured_media":0,"parent":0,"menu_order":1,"comment_status":"closed","ping_status":"open","template":"","meta":{"_et_pb_use_builder":"","_et_pb_old_content":"","_et_gb_content_width":"","ngg_post_thumbnail":0,"footnotes":""},"class_list":["post-80","page","type-page","status-publish","hentry"],"_links":{"self":[{"href":"https:\/\/os-tinjenova.splet.arnes.si\/index.php?rest_route=\/wp\/v2\/pages\/80","targetHints":{"allow":["GET"]}}],"collection":[{"href":"https:\/\/os-tinjenova.splet.arnes.si\/index.php?rest_route=\/wp\/v2\/pages"}],"about":[{"href":"https:\/\/os-tinjenova.splet.arnes.si\/index.php?rest_route=\/wp\/v2\/types\/page"}],"author":[{"embeddable":true,"href":"https:\/\/os-tinjenova.splet.arnes.si\/index.php?rest_route=\/wp\/v2\/users\/2887"}],"replies":[{"embeddable":true,"href":"https:\/\/os-tinjenova.splet.arnes.si\/index.php?rest_route=%2Fwp%2Fv2%2Fcomments&post=80"}],"version-history":[{"count":15,"href":"https:\/\/os-tinjenova.splet.arnes.si\/index.php?rest_route=\/wp\/v2\/pages\/80\/revisions"}],"predecessor-version":[{"id":8253,"href":"https:\/\/os-tinjenova.splet.arnes.si\/index.php?rest_route=\/wp\/v2\/pages\/80\/revisions\/8253"}],"wp:attachment":[{"href":"https:\/\/os-tinjenova.splet.arnes.si\/index.php?rest_route=%2Fwp%2Fv2%2Fmedia&parent=80"}],"curies":[{"name":"wp","href":"https:\/\/api.w.org\/{rel}","templated":true}]}}