{"id":8776,"date":"2025-02-28T08:28:22","date_gmt":"2025-02-28T07:28:22","guid":{"rendered":"https:\/\/os-tinjenova.splet.arnes.si\/?page_id=8776"},"modified":"2025-02-28T08:33:03","modified_gmt":"2025-02-28T07:33:03","slug":"digitrajni-ucitelj","status":"publish","type":"page","link":"https:\/\/os-tinjenova.splet.arnes.si\/?page_id=8776","title":{"rendered":"DIGITRAJNI U\u010cITELJ"},"content":{"rendered":"<h2><a href=\"https:\/\/os-tinjenova.splet.arnes.si\/files\/2025\/02\/digitrajni_pasica-1-624x208-1.png\"><img loading=\"lazy\" decoding=\"async\" class=\"size-full wp-image-8777 aligncenter\" src=\"https:\/\/os-tinjenova.splet.arnes.si\/files\/2025\/02\/digitrajni_pasica-1-624x208-1.png\" alt=\"\" width=\"624\" height=\"208\" srcset=\"https:\/\/os-tinjenova.splet.arnes.si\/files\/2025\/02\/digitrajni_pasica-1-624x208-1.png 624w, https:\/\/os-tinjenova.splet.arnes.si\/files\/2025\/02\/digitrajni_pasica-1-624x208-1-480x160.png 480w\" sizes=\"(min-width: 0px) and (max-width: 480px) 480px, (min-width: 481px) 624px, 100vw\" \/><\/a>Namen projekta<\/h2>\n<p>Namen projekta&nbsp;<a href=\"https:\/\/digitrajni.si\/\" target=\"_blank\" rel=\"noopener\">Digitrajni u\u010ditelj<\/a>&nbsp;je usposabljanje strokovnih in vodstvenih delavcev v vzgoji in izobra\u017eevanju za krepitev digitalnih kompetenc, kompetenc za trajnostni razvoj ter finan\u010dne pismenosti.<\/p>\n<h2>Cilji projekta<\/h2>\n<p>Uspe\u0161no usposobiti najmanj 20.000 strokovnih in vodstvenih delavcev v vzgoji in izobra\u017eevanju za krepitev digitalnih kompetenc in temeljnih vsebin ra\u010dunalni\u0161tva in informatike, kompetenc za trajnostni razvoj ter finan\u010dne pismenosti.<\/p>\n<p>Vzpostaviti ve\u010d kot 40 razvojnih skupin ter usposobiti 700 multiplikatorjev, 130 svetovalcev VIZ in do 1.400 prena\u0161alcev znanja.<\/p>\n<p>Vzpostaviti aktivne samou\u010de\u010de se skupnosti VIZ, ki bodo imele trajnostni u\u010dinek tudi po izteku projekta financiranja z namenom kontinuiranega profesionalnega razvoja in prenosa v prakso.<\/p>\n<h2>Projektni partnerji<\/h2>\n<p>Arnes \u2013 Akademska in raziskovalna mre\u017ea Slovenije, Zalo\u017eba Rokus Klett d.o.o., Skupnost zavodov Konzorcija \u0161olskih centrov (\u0160olski center Ljubljana, \u0160olski center Kranj, \u0160olski center Nova Gorica, \u0160olski center Novo mesto, \u0160olski center Celje, \u0160olski center Velenje, \u0160olski center Ptuj), Academia Maribor, Univerza v Ljubljani (v nadaljevanju: UL) \u2013 Center UL za uporabo IKT v pedago\u0161kem procesu, UL \u2013 Filozofska fakulteta, UL \u2013 Ekonomska fakulteta, UL \u2013 Fakulteta za matematiko in fiziko, UL \u2013 Fakulteta za ra\u010dunalni\u0161tvo in informatiko, RIC \u2013 Dr\u017eavni izpitni center, CPI \u2013 Center za poklicno izobra\u017eevanje, Zdru\u017eenje ravnateljev vrtcev Slovenije, Zdru\u017eenje ravnateljic in ravnateljev osnovnega in glasbenega \u0161olstva Slovenije, Zveza srednjih \u0161ol in dija\u0161kih domov Slovenije, Skupnost vi\u0161jih strokovnih \u0161ol Slovenije in Zveza ljudskih univerz Slovenije.<\/p>\n<p>Projekt sofinancirata Republika Slovenija, Ministrstvo za vzgojo in izobra\u017eevanje ter Evropska unija \u2013 NextGenerationEu. Vse informacije o izvajanju Na\u010drta za okrevanje in odpornost (NOO) v Republiki Sloveniji najdete na spletni strani&nbsp;<a href=\"https:\/\/www.gov.si\/zbirke\/projekti-in-programi\/nacrt-za-okrevanje-in-odpornost\" target=\"_blank\" rel=\"noopener\">noo.gov.si<\/a>.<\/p>\n<div class=\"cleaner\">&nbsp;<\/div>\n","protected":false},"excerpt":{"rendered":"<p>Namen projekta Namen projekta&nbsp;Digitrajni u\u010ditelj&nbsp;je usposabljanje strokovnih in vodstvenih delavcev v vzgoji in izobra\u017eevanju za krepitev digitalnih kompetenc, kompetenc za trajnostni razvoj ter finan\u010dne pismenosti. Cilji projekta Uspe\u0161no usposobiti najmanj 20.000 strokovnih in vodstvenih delavcev v vzgoji in izobra\u017eevanju za krepitev digitalnih kompetenc in temeljnih vsebin ra\u010dunalni\u0161tva in informatike, kompetenc za trajnostni razvoj ter finan\u010dne [&hellip;]<\/p>\n","protected":false},"author":2887,"featured_media":0,"parent":0,"menu_order":0,"comment_status":"closed","ping_status":"closed","template":"","meta":{"_et_pb_use_builder":"","_et_pb_old_content":"","_et_gb_content_width":"","ngg_post_thumbnail":0,"footnotes":""},"class_list":["post-8776","page","type-page","status-publish","hentry"],"_links":{"self":[{"href":"https:\/\/os-tinjenova.splet.arnes.si\/index.php?rest_route=\/wp\/v2\/pages\/8776","targetHints":{"allow":["GET"]}}],"collection":[{"href":"https:\/\/os-tinjenova.splet.arnes.si\/index.php?rest_route=\/wp\/v2\/pages"}],"about":[{"href":"https:\/\/os-tinjenova.splet.arnes.si\/index.php?rest_route=\/wp\/v2\/types\/page"}],"author":[{"embeddable":true,"href":"https:\/\/os-tinjenova.splet.arnes.si\/index.php?rest_route=\/wp\/v2\/users\/2887"}],"replies":[{"embeddable":true,"href":"https:\/\/os-tinjenova.splet.arnes.si\/index.php?rest_route=%2Fwp%2Fv2%2Fcomments&post=8776"}],"version-history":[{"count":1,"href":"https:\/\/os-tinjenova.splet.arnes.si\/index.php?rest_route=\/wp\/v2\/pages\/8776\/revisions"}],"predecessor-version":[{"id":8778,"href":"https:\/\/os-tinjenova.splet.arnes.si\/index.php?rest_route=\/wp\/v2\/pages\/8776\/revisions\/8778"}],"wp:attachment":[{"href":"https:\/\/os-tinjenova.splet.arnes.si\/index.php?rest_route=%2Fwp%2Fv2%2Fmedia&parent=8776"}],"curies":[{"name":"wp","href":"https:\/\/api.w.org\/{rel}","templated":true}]}}