{"id":90,"date":"2013-12-31T22:00:00","date_gmt":"2013-12-31T21:00:00","guid":{"rendered":"http:\/\/os-tinje.splet.arnes.si\/2013\/12\/31\/seznami\/"},"modified":"2024-10-15T13:17:06","modified_gmt":"2024-10-15T11:17:06","slug":"seznami","status":"publish","type":"page","link":"https:\/\/os-tinjenova.splet.arnes.si\/?page_id=90","title":{"rendered":"BRALNA ZNA\u010cKA"},"content":{"rendered":"<h3 style=\"text-align: center\"><span style=\"color: #008000\"><strong>&#8220;Branje je zni\u017eana vozovnica do kamorkoli.&#8221; (Mary Schmich)<\/strong><\/span><\/h3>\n<h3 style=\"text-align: center\"><span style=\"color: #008000\"><strong>&#8220;Knjige so sanje, ki jih dr\u017eimo v rokah.&#8221; (Neil Gaiman)<\/strong><\/span><\/h3>\n<h3 style=\"text-align: right\"><a href=\"http:\/\/os-tinjenova.splet.arnes.si\/files\/2021\/01\/prenos-1.jpg\"><img loading=\"lazy\" decoding=\"async\" class=\"size-full wp-image-6040 aligncenter\" src=\"http:\/\/os-tinjenova.splet.arnes.si\/files\/2021\/01\/prenos-1.jpg\" alt=\"\" width=\"212\" height=\"238\"><\/a><\/h3>\n<p style=\"text-align: center\"><span style=\"font-size: 12pt\"><span style=\"color: #000000\">Objavljamo sezname knjig za bralno zna\u010dko.<\/span><\/span><\/p>\n<p style=\"text-align: center\"><a href=\"https:\/\/os-tinjenova.splet.arnes.si\/files\/2024\/10\/Bralna-znacka-1.-razred.docx\">Bralna zna\u010dka, 1. razred<\/a><\/p>\n<p style=\"text-align: center\"><a href=\"https:\/\/os-tinjenova.splet.arnes.si\/files\/2024\/10\/Bralna-znacka-2.-razred.docx\">Bralna zna\u010dka, 2. razred<\/a><\/p>\n<p style=\"text-align: center\"><a href=\"https:\/\/os-tinjenova.splet.arnes.si\/files\/2024\/10\/Bralna-znacka-3.-razred.docx\">Bralna zna\u010dka, 3. razred<\/a><\/p>\n<p style=\"text-align: center\"><a href=\"https:\/\/os-tinjenova.splet.arnes.si\/files\/2024\/10\/Bralna-znacka-4.-razred.docx\">Bralna zna\u010dka, 4. razred<\/a><\/p>\n<p style=\"text-align: center\"><a href=\"https:\/\/os-tinjenova.splet.arnes.si\/files\/2024\/10\/Bralna-znacka-5.-razred.docx\">Bralna zna\u010dka, 5. razred<\/a><\/p>\n<p style=\"text-align: center\"><a href=\"https:\/\/os-tinjenova.splet.arnes.si\/files\/2024\/10\/Bralna-znacka-6.-razred.docx\">Bralna zna\u010dka, 6. razred<\/a><\/p>\n<p style=\"text-align: center\"><a href=\"https:\/\/os-tinjenova.splet.arnes.si\/files\/2024\/10\/Bralna-znacka-7.-razred.docx\">Bralna zna\u010dka, 7. razred<\/a><\/p>\n<p style=\"text-align: center\"><a href=\"https:\/\/os-tinjenova.splet.arnes.si\/files\/2024\/10\/Bralna-znacka-8.-in-9.-razred.docx\">Bralna zna\u010dka, 8. in 9. razred<\/a><\/p>\n<p>&nbsp;<\/p>\n<p style=\"text-align: center\"><span style=\"font-size: 12pt\"><span style=\"color: #000000\">Ve\u010d o bralni zna\u010dki najdete na spletni strani:<\/span> <a href=\"http:\/\/www.bralnaznacka.si\/\" target=\"_blank\" rel=\"noopener noreferrer\">http:\/\/www.bralnaznacka.si\/<\/a><\/span><\/p>\n<p style=\"text-align: center\"><img loading=\"lazy\" decoding=\"async\" class=\" size-full wp-image-89\" src=\"http:\/\/os-tinjenova.splet.arnes.si\/files\/2013\/12\/bz.jpg\" alt=\"bz\" width=\"280\" height=\"136\"><\/p>\n<p style=\"text-align: center\">&nbsp;<\/p>\n","protected":false},"excerpt":{"rendered":"<p>&#8220;Branje je zni\u017eana vozovnica do kamorkoli.&#8221; (Mary Schmich) &#8220;Knjige so sanje, ki jih dr\u017eimo v rokah.&#8221; (Neil Gaiman) Objavljamo sezname knjig za bralno zna\u010dko. Bralna zna\u010dka, 1. razred Bralna zna\u010dka, 2. razred Bralna zna\u010dka, 3. razred Bralna zna\u010dka, 4. razred Bralna zna\u010dka, 5. razred Bralna zna\u010dka, 6. razred Bralna zna\u010dka, 7. razred Bralna zna\u010dka, 8. [&hellip;]<\/p>\n","protected":false},"author":2887,"featured_media":0,"parent":0,"menu_order":4,"comment_status":"closed","ping_status":"open","template":"","meta":{"_et_pb_use_builder":"","_et_pb_old_content":"","_et_gb_content_width":"","ngg_post_thumbnail":0,"footnotes":""},"class_list":["post-90","page","type-page","status-publish","hentry"],"_links":{"self":[{"href":"https:\/\/os-tinjenova.splet.arnes.si\/index.php?rest_route=\/wp\/v2\/pages\/90","targetHints":{"allow":["GET"]}}],"collection":[{"href":"https:\/\/os-tinjenova.splet.arnes.si\/index.php?rest_route=\/wp\/v2\/pages"}],"about":[{"href":"https:\/\/os-tinjenova.splet.arnes.si\/index.php?rest_route=\/wp\/v2\/types\/page"}],"author":[{"embeddable":true,"href":"https:\/\/os-tinjenova.splet.arnes.si\/index.php?rest_route=\/wp\/v2\/users\/2887"}],"replies":[{"embeddable":true,"href":"https:\/\/os-tinjenova.splet.arnes.si\/index.php?rest_route=%2Fwp%2Fv2%2Fcomments&post=90"}],"version-history":[{"count":8,"href":"https:\/\/os-tinjenova.splet.arnes.si\/index.php?rest_route=\/wp\/v2\/pages\/90\/revisions"}],"predecessor-version":[{"id":8404,"href":"https:\/\/os-tinjenova.splet.arnes.si\/index.php?rest_route=\/wp\/v2\/pages\/90\/revisions\/8404"}],"wp:attachment":[{"href":"https:\/\/os-tinjenova.splet.arnes.si\/index.php?rest_route=%2Fwp%2Fv2%2Fmedia&parent=90"}],"curies":[{"name":"wp","href":"https:\/\/api.w.org\/{rel}","templated":true}]}}