{"id":92,"date":"2012-09-13T22:03:06","date_gmt":"2012-09-13T21:03:06","guid":{"rendered":"http:\/\/os-tinje.splet.arnes.si\/2012\/09\/13\/namenski-dnevi\/"},"modified":"2024-09-24T21:28:37","modified_gmt":"2024-09-24T19:28:37","slug":"namenski-dnevi","status":"publish","type":"page","link":"https:\/\/os-tinjenova.splet.arnes.si\/?page_id=92","title":{"rendered":"DNEVI DEJAVNOSTI"},"content":{"rendered":"<h2 style=\"text-align: center\"><strong><span style=\"color: #800000\"><a href=\"http:\/\/os-tinjenova.splet.arnes.si\/files\/2018\/09\/a0029c1c603344b102b1a5326c0dc387.jpg\"><img loading=\"lazy\" decoding=\"async\" class=\"alignleft wp-image-2053\" src=\"http:\/\/os-tinjenova.splet.arnes.si\/files\/2018\/09\/a0029c1c603344b102b1a5326c0dc387.jpg\" alt=\"\" width=\"344\" height=\"249\" srcset=\"https:\/\/os-tinjenova.splet.arnes.si\/files\/2018\/09\/a0029c1c603344b102b1a5326c0dc387.jpg 564w, https:\/\/os-tinjenova.splet.arnes.si\/files\/2018\/09\/a0029c1c603344b102b1a5326c0dc387-300x218.jpg 300w\" sizes=\"(max-width: 344px) 100vw, 344px\" \/><\/a><\/span><\/strong><\/h2>\n<h2>&nbsp;<\/h2>\n<h2 style=\"text-align: center\"><strong>DNEVI DEJAVNOSTI V \u0160OLSKEM LETU 2024\/2025<\/strong><\/h2>\n<p>Dnevi dejavnosti so tisti del obveznega programa osnovne \u0161ole, ki medpredmetno povezujejo discipline in predmetna podro\u010dja, vklju\u010dena v predmetnik osnovne \u0161ole. Dnevi dejavnosti potekajo po letnem na\u010drtu, ki dolo\u010da njihovo vsebino in organizacijsko izvedbo.<\/p>\n<p><strong>Cilji dnevov dejavnosti so:<\/strong><\/p>\n<ul>\n<li>omogo\u010diti u\u010denkam in u\u010dencem utrjevanje ter povezovanje znanj, pridobljenih pri posameznih predmetih in predmetnih podro\u010djih;<\/li>\n<li>uporaba teh znanj in njihova nadgradnja s prakti\u010dnim u\u010denjem v kontekstu medsebojnega sodelovanja ter odzivanja na aktualne dogodke v o\u017ejem in \u0161ir\u0161em dru\u017ebenem okolju.<\/li>\n<\/ul>\n<p>&nbsp;<\/p>\n<p>V \u0161olskem letu je 15 dni dejavnosti v posameznem razredu. Posamezen dan dejavnosti se izvede v obsegu 5 pedago\u0161kih ur. Dneve dejavnosti smo na\u010drtovali tako, da bi bili \u010dim manj finan\u010dno obremenjujo\u010di za star\u0161e. \u0160ola, ki je odmaknjena od ve\u010djih sredi\u0161\u010d, ne more izvesti vseh na\u010drtovanih dejavnosti brez participacije star\u0161ev. Star\u0161i so bili na 1. roditeljskem sestanku seznanjeni, da bodo morali pri realizaciji dolo\u010denih dejavnosti prispevati denarna sredstva za kritje stro\u0161kov prevoza in vstopnin ob obisku pomembnih dr\u017eavnih, kulturnih, znanstvenih ter drugih institucij. V kolikor bodo imeli dolo\u010deni star\u0161i te\u017eave pri zagotavljanju sredstev, jim bomo v \u0161oli pomagali.<\/p>\n<table width=\"659\">\n<tbody>\n<tr>\n<td width=\"174\">&nbsp;<\/td>\n<td colspan=\"9\" width=\"384\"><strong>&nbsp;<\/strong><\/p>\n<p><strong>\u0160TEVILO DNI LETNO V POSAMEZNEM RAZREDU<\/strong><\/td>\n<td width=\"101\">&nbsp;<\/td>\n<\/tr>\n<tr>\n<td width=\"174\">DNEVI DEJAVNOSTI<\/td>\n<td width=\"43\"><strong>1.<\/strong><\/td>\n<td width=\"43\"><strong>2.<\/strong><\/td>\n<td width=\"43\"><strong>3.<\/strong><\/td>\n<td width=\"43\"><strong>4.<\/strong><\/td>\n<td width=\"43\"><strong>5.<\/strong><\/td>\n<td width=\"43\"><strong>6.<\/strong><\/td>\n<td width=\"43\"><strong>7.<\/strong><\/td>\n<td width=\"43\"><strong>8.<\/strong><\/td>\n<td width=\"43\"><strong>9.<\/strong><\/td>\n<td width=\"101\">skupaj ur<\/td>\n<\/tr>\n<tr>\n<td width=\"174\">Kulturni dnevi<\/td>\n<td width=\"43\">4<\/td>\n<td width=\"43\">4<\/td>\n<td width=\"43\">4<\/td>\n<td width=\"43\">3<\/td>\n<td width=\"43\">3<\/td>\n<td width=\"43\">3<\/td>\n<td width=\"43\">3<\/td>\n<td width=\"43\">3<\/td>\n<td width=\"43\">3<\/td>\n<td width=\"101\">150,0<\/td>\n<\/tr>\n<tr>\n<td width=\"174\">Naravoslovni dnevi<\/td>\n<td width=\"43\">3<\/td>\n<td width=\"43\">3<\/td>\n<td width=\"43\">3<\/td>\n<td width=\"43\">3<\/td>\n<td width=\"43\">3<\/td>\n<td width=\"43\">3<\/td>\n<td width=\"43\">3<\/td>\n<td width=\"43\">3<\/td>\n<td width=\"43\">3<\/td>\n<td width=\"101\">135,0<\/td>\n<\/tr>\n<tr>\n<td width=\"174\">Tehni\u0161ki dnevi<\/td>\n<td width=\"43\">3<\/td>\n<td width=\"43\">3<\/td>\n<td width=\"43\">3<\/td>\n<td width=\"43\">4<\/td>\n<td width=\"43\">4<\/td>\n<td width=\"43\">4<\/td>\n<td width=\"43\">4<\/td>\n<td width=\"43\">4<\/td>\n<td width=\"43\">4<\/td>\n<td width=\"101\">165,0<\/td>\n<\/tr>\n<tr>\n<td width=\"174\">\u0160portni dnevi<\/td>\n<td width=\"43\">5<\/td>\n<td width=\"43\">5<\/td>\n<td width=\"43\">5<\/td>\n<td width=\"43\">5<\/td>\n<td width=\"43\">5<\/td>\n<td width=\"43\">5<\/td>\n<td width=\"43\">5<\/td>\n<td width=\"43\">5<\/td>\n<td width=\"43\">5<\/td>\n<td width=\"101\">225,0<\/td>\n<\/tr>\n<\/tbody>\n<\/table>\n<h2 style=\"text-align: center\"><strong><span style=\"color: #800000\"><a href=\"http:\/\/os-tinjenova.splet.arnes.si\/files\/2018\/09\/a0029c1c603344b102b1a5326c0dc387.jpg\">&nbsp;<\/a><\/span><\/strong><\/h2>\n<p><span style=\"font-size: 12pt\">&nbsp;<\/span><\/p>\n","protected":false},"excerpt":{"rendered":"<p>&nbsp; DNEVI DEJAVNOSTI V \u0160OLSKEM LETU 2024\/2025 Dnevi dejavnosti so tisti del obveznega programa osnovne \u0161ole, ki medpredmetno povezujejo discipline in predmetna podro\u010dja, vklju\u010dena v predmetnik osnovne \u0161ole. Dnevi dejavnosti potekajo po letnem na\u010drtu, ki dolo\u010da njihovo vsebino in organizacijsko izvedbo. Cilji dnevov dejavnosti so: omogo\u010diti u\u010denkam in u\u010dencem utrjevanje ter povezovanje znanj, pridobljenih pri [&hellip;]<\/p>\n","protected":false},"author":2887,"featured_media":0,"parent":0,"menu_order":3,"comment_status":"closed","ping_status":"open","template":"","meta":{"_et_pb_use_builder":"","_et_pb_old_content":"","_et_gb_content_width":"","ngg_post_thumbnail":0,"footnotes":""},"class_list":["post-92","page","type-page","status-publish","hentry"],"_links":{"self":[{"href":"https:\/\/os-tinjenova.splet.arnes.si\/index.php?rest_route=\/wp\/v2\/pages\/92","targetHints":{"allow":["GET"]}}],"collection":[{"href":"https:\/\/os-tinjenova.splet.arnes.si\/index.php?rest_route=\/wp\/v2\/pages"}],"about":[{"href":"https:\/\/os-tinjenova.splet.arnes.si\/index.php?rest_route=\/wp\/v2\/types\/page"}],"author":[{"embeddable":true,"href":"https:\/\/os-tinjenova.splet.arnes.si\/index.php?rest_route=\/wp\/v2\/users\/2887"}],"replies":[{"embeddable":true,"href":"https:\/\/os-tinjenova.splet.arnes.si\/index.php?rest_route=%2Fwp%2Fv2%2Fcomments&post=92"}],"version-history":[{"count":13,"href":"https:\/\/os-tinjenova.splet.arnes.si\/index.php?rest_route=\/wp\/v2\/pages\/92\/revisions"}],"predecessor-version":[{"id":8242,"href":"https:\/\/os-tinjenova.splet.arnes.si\/index.php?rest_route=\/wp\/v2\/pages\/92\/revisions\/8242"}],"wp:attachment":[{"href":"https:\/\/os-tinjenova.splet.arnes.si\/index.php?rest_route=%2Fwp%2Fv2%2Fmedia&parent=92"}],"curies":[{"name":"wp","href":"https:\/\/api.w.org\/{rel}","templated":true}]}}