{"id":94,"date":"2012-09-13T22:29:51","date_gmt":"2012-09-13T21:29:51","guid":{"rendered":"http:\/\/os-tinje.splet.arnes.si\/2012\/09\/13\/izbirni-predmeti\/"},"modified":"2024-10-15T13:29:20","modified_gmt":"2024-10-15T11:29:20","slug":"izbirni-predmeti","status":"publish","type":"page","link":"https:\/\/os-tinjenova.splet.arnes.si\/?page_id=94","title":{"rendered":"IZBIRNI PREDMETI"},"content":{"rendered":"<table style=\"height: 315px;width: 626px\" width=\"602\">\n<tbody>\n<tr style=\"height: 75px\">\n<td style=\"width: 29.1375px;height: 75px\">&nbsp;<\/td>\n<td style=\"width: 186.488px;height: 75px\">\n<p style=\"text-align: center\"><span style=\"color: #000000\"><strong>NAZIV IZBIRNEGA PREDMETA<\/strong><\/span><\/p>\n<\/td>\n<td style=\"text-align: center;width: 109.65px;height: 75px\"><span style=\"color: #000000\"><strong>\u0160TEVILO<br \/>\nOTROK<\/strong><\/span><\/td>\n<td style=\"text-align: center;width: 113.213px;height: 75px\"><span style=\"color: #000000\"><strong>RAZRED<\/strong><\/span><\/td>\n<td style=\"width: 158.312px;height: 75px\">\n<p style=\"text-align: center\"><span style=\"color: #000000\"><strong>U\u010cITELJ<\/strong><\/span><\/p>\n<\/td>\n<\/tr>\n<tr style=\"height: 51px\">\n<td style=\"width: 29.1375px;height: 51px\"><span style=\"color: #000000\"><strong>1<\/strong><\/span><\/td>\n<td style=\"width: 186.488px;height: 51px\"><span style=\"color: #000000\"><strong>\u0160port&nbsp;<br \/>\n<\/strong><\/span><\/td>\n<td style=\"width: 109.65px;height: 51px\">\n<p style=\"text-align: center\"><span style=\"color: #000000\"><strong>12<br \/>\n<\/strong><\/span><\/p>\n<\/td>\n<td style=\"text-align: center;width: 113.213px;height: 51px\"><span style=\"color: #000000\"><strong>4., 5., 6.&nbsp;<br \/>\n<\/strong><\/span><\/td>\n<td style=\"width: 158.312px;height: 51px\">\n<p style=\"text-align: center\"><span style=\"color: #000000\"><strong>Kristijan Ilijevec<\/strong><\/span><\/p>\n<\/td>\n<\/tr>\n<tr style=\"height: 51px\">\n<td style=\"width: 29.1375px;height: 51px\"><span style=\"color: #000000\"><strong>2<\/strong><\/span><\/td>\n<td style=\"width: 186.488px;height: 51px\"><span style=\"color: #000000\"><strong>Nem\u0161\u010dina<br \/>\n<\/strong><\/span><\/td>\n<td style=\"text-align: center;width: 109.65px;height: 51px\"><strong><span style=\"color: #000000\">16<\/span><\/strong><\/td>\n<td style=\"width: 113.213px;height: 51px\">\n<p style=\"text-align: center\"><span style=\"color: #000000\"><strong>4., 5., 6.<\/strong><\/span><\/p>\n<\/td>\n<td style=\"width: 158.312px;height: 51px\">\n<p style=\"text-align: center\"><span style=\"color: #000000\"><strong>Ur\u0161ka Smole<br \/>\n<\/strong><\/span><\/p>\n<\/td>\n<\/tr>\n<tr style=\"height: 23px\">\n<td style=\"width: 29.1375px;height: 23px;text-align: center\"><strong>3<\/strong><\/td>\n<td style=\"width: 186.488px;height: 23px;text-align: center\"><span style=\"color: #000000\"><strong>\u0160port za sprostitev<\/strong><\/span><\/td>\n<td style=\"width: 109.65px;height: 23px;text-align: center\"><span style=\"color: #000000\"><strong>11<\/strong><\/span><\/td>\n<td style=\"width: 113.213px;height: 23px;text-align: center\"><span style=\"color: #000000\"><strong>7., 8.<\/strong><\/span><\/td>\n<td style=\"width: 158.312px;height: 23px;text-align: center\"><span style=\"color: #000000\"><strong>Kristijan Ilijevec<\/strong><\/span><\/td>\n<\/tr>\n<tr style=\"height: 23px\">\n<td style=\"width: 29.1375px;height: 23px;text-align: center\"><strong>4<\/strong><\/td>\n<td style=\"width: 186.488px;height: 23px;text-align: center\"><span style=\"color: #000000\"><strong>Izbrani \u0161port (odbojka)<\/strong><\/span><\/td>\n<td style=\"width: 109.65px;height: 23px;text-align: center\"><span style=\"color: #000000\"><strong>11<\/strong><\/span><\/td>\n<td style=\"width: 113.213px;height: 23px;text-align: center\"><span style=\"color: #000000\"><strong>9.<\/strong><\/span><\/td>\n<td style=\"width: 158.312px;height: 23px;text-align: center\"><span style=\"color: #000000\"><strong>Kristijan Ilijevec<\/strong><\/span><\/td>\n<\/tr>\n<tr style=\"height: 23px\">\n<td style=\"width: 29.1375px;height: 23px;text-align: center\"><strong>5<\/strong><\/td>\n<td style=\"width: 186.488px;height: 23px;text-align: center\"><span style=\"color: #000000\"><strong>Likovno snovanje 2<\/strong><\/span><\/td>\n<td style=\"width: 109.65px;height: 23px;text-align: center\"><span style=\"color: #000000\"><strong>12<\/strong><\/span><\/td>\n<td style=\"width: 113.213px;height: 23px;text-align: center\"><span style=\"color: #000000\"><strong>8.<\/strong><\/span><\/td>\n<td style=\"width: 158.312px;height: 23px;text-align: center\"><span style=\"color: #000000\"><strong>Rok Dragi\u0107<\/strong><\/span><\/td>\n<\/tr>\n<tr style=\"height: 23px\">\n<td style=\"width: 29.1375px;height: 23px;text-align: center\"><strong>6<\/strong><\/td>\n<td style=\"width: 186.488px;height: 23px;text-align: center\"><span style=\"color: #000000\"><strong>Likovno snovanje 3<\/strong><\/span><\/td>\n<td style=\"width: 109.65px;height: 23px;text-align: center\"><span style=\"color: #000000\"><strong>11<\/strong><\/span><\/td>\n<td style=\"width: 113.213px;height: 23px;text-align: center\"><span style=\"color: #000000\"><strong>9.<\/strong><\/span><\/td>\n<td style=\"width: 158.312px;height: 23px;text-align: center\"><span style=\"color: #000000\"><strong>Rok Dragi\u0107<\/strong><\/span><\/td>\n<\/tr>\n<tr style=\"height: 23px\">\n<td style=\"width: 29.1375px;height: 23px;text-align: center\"><strong>7<\/strong><\/td>\n<td style=\"width: 186.488px;height: 23px;text-align: center\"><span style=\"color: #000000\"><strong>Nem\u0161\u010dina 1, 2<\/strong><\/span><\/td>\n<td style=\"width: 109.65px;height: 23px;text-align: center\"><span style=\"color: #000000\"><strong>9<\/strong><\/span><\/td>\n<td style=\"width: 113.213px;height: 23px;text-align: center\"><span style=\"color: #000000\"><strong>7., 8.<\/strong><\/span><\/td>\n<td style=\"width: 158.312px;height: 23px;text-align: center\"><span style=\"color: #000000\"><strong>Stanka Sku\u0161ek Mikoli\u010d<\/strong><\/span><\/td>\n<\/tr>\n<tr style=\"height: 23px\">\n<td style=\"width: 29.1375px;height: 23px;text-align: center\"><strong>8<\/strong><\/td>\n<td style=\"width: 186.488px;height: 23px;text-align: center\"><span style=\"color: #000000\"><strong>Sodobna priprava hrane<\/strong><\/span><\/td>\n<td style=\"width: 109.65px;height: 23px;text-align: center\"><span style=\"color: #000000\"><strong>7<\/strong><\/span><\/td>\n<td style=\"width: 113.213px;height: 23px;text-align: center\"><span style=\"color: #000000\"><strong>7.<\/strong><\/span><\/td>\n<td style=\"width: 158.312px;height: 23px;text-align: center\"><span style=\"color: #000000\"><strong>\u0160pela Osrajnik<\/strong><\/span><\/td>\n<\/tr>\n<\/tbody>\n<\/table>\n<p><img decoding=\"async\" src=\"https:\/\/osja.splet.arnes.si\/files\/2023\/05\/niposja.jpg\" alt=\"Neobvezni izbirni predmeti za 4., 5. in 6. razred | Osnovna \u0161ola Jakoba Alja\u017ea Kranj\"><\/p>\n","protected":false},"excerpt":{"rendered":"<p>&nbsp; NAZIV IZBIRNEGA PREDMETA \u0160TEVILO OTROK RAZRED U\u010cITELJ 1 \u0160port&nbsp; 12 4., 5., 6.&nbsp; Kristijan Ilijevec 2 Nem\u0161\u010dina 16 4., 5., 6. Ur\u0161ka Smole 3 \u0160port za sprostitev 11 7., 8. Kristijan Ilijevec 4 Izbrani \u0161port (odbojka) 11 9. Kristijan Ilijevec 5 Likovno snovanje 2 12 8. Rok Dragi\u0107 6 Likovno snovanje 3 11 9. [&hellip;]<\/p>\n","protected":false},"author":2887,"featured_media":0,"parent":0,"menu_order":1,"comment_status":"closed","ping_status":"open","template":"","meta":{"_et_pb_use_builder":"","_et_pb_old_content":"","_et_gb_content_width":"","ngg_post_thumbnail":0,"footnotes":""},"class_list":["post-94","page","type-page","status-publish","hentry"],"_links":{"self":[{"href":"https:\/\/os-tinjenova.splet.arnes.si\/index.php?rest_route=\/wp\/v2\/pages\/94","targetHints":{"allow":["GET"]}}],"collection":[{"href":"https:\/\/os-tinjenova.splet.arnes.si\/index.php?rest_route=\/wp\/v2\/pages"}],"about":[{"href":"https:\/\/os-tinjenova.splet.arnes.si\/index.php?rest_route=\/wp\/v2\/types\/page"}],"author":[{"embeddable":true,"href":"https:\/\/os-tinjenova.splet.arnes.si\/index.php?rest_route=\/wp\/v2\/users\/2887"}],"replies":[{"embeddable":true,"href":"https:\/\/os-tinjenova.splet.arnes.si\/index.php?rest_route=%2Fwp%2Fv2%2Fcomments&post=94"}],"version-history":[{"count":15,"href":"https:\/\/os-tinjenova.splet.arnes.si\/index.php?rest_route=\/wp\/v2\/pages\/94\/revisions"}],"predecessor-version":[{"id":8412,"href":"https:\/\/os-tinjenova.splet.arnes.si\/index.php?rest_route=\/wp\/v2\/pages\/94\/revisions\/8412"}],"wp:attachment":[{"href":"https:\/\/os-tinjenova.splet.arnes.si\/index.php?rest_route=%2Fwp%2Fv2%2Fmedia&parent=94"}],"curies":[{"name":"wp","href":"https:\/\/api.w.org\/{rel}","templated":true}]}}